{"id":87,"date":"2025-06-06T23:07:07","date_gmt":"2025-06-06T23:07:07","guid":{"rendered":"https:\/\/volvekraft.dk\/?page_id=87"},"modified":"2025-06-13T08:51:56","modified_gmt":"2025-06-13T08:51:56","slug":"om-mig","status":"publish","type":"page","link":"https:\/\/volvekraft.dk\/index.php\/om-mig\/","title":{"rendered":"Om mig"},"content":{"rendered":"\n<h2 class=\"wp-block-heading has-text-align-center\" style=\"font-size:84px\"><strong><em>V\u00f8lvekraft<\/em><\/strong><\/h2>\n\n\n\n<h2 class=\"wp-block-heading has-text-align-center\" style=\"font-size:46px\"><strong><em>er en fort\u00e6lling om v\u00f8lvens vej og \u201dV\u00f8lven fra Ribe\u201d.&nbsp;<\/em><\/strong><\/h2>\n\n\n\n<p>Men hvem st\u00e5r bag V\u00f8lvekraft, hvem er V\u00f8lven?<\/p>\n\n\n\n<p>Jeg blev f\u00f8dt en oktoberdag i \u00e5ret 1964. Et par m\u00e5neder senere blev jeg ogs\u00e5 d\u00f8bt, meget mod min vilje. Men s\u00e5dan var det jo dengang, da skulle b\u00f8rn d\u00f8bes for at det gik rigtigt til.<\/p>\n\n\n\n<p>Som jeg voksede op, inds\u00e5 jeg hurtigt, at kristendommen ikke var min vej. Naturen kaldte, de nordiske guder kaldte. Da min far ogs\u00e5 var asatroende, var det naturligt at g\u00e5 til nordens guder, n\u00e5r det f\u00f8ltes n\u00f8dvendig. Interessen for planterne blev til viden, is\u00e6r om hvordan planterne kan bruges til b\u00e5de mad og helbredelse. I 1996 blev jeg bekendt med, at der fandtes andre asatroende rundt omkring, og samtidig opdagede jeg ogs\u00e5 vikingemilj\u00f8et. &nbsp;Her startede jeg straks som aktiv deltager p\u00e5 forskellige vikingemarkeder, hvilket jeg har gjort siden, hvor jeg ogs\u00e5 kom i kontakt med andre asatroende.<\/p>\n\n\n\n<p>I sommeren 1997 m\u00f8dtes en flok asatroende i en park i Odense, hvor vi talte om at starte et egentligt trossamfund. Der blev indkaldt til stiftende Alting i november 1997, hvor jeg sammen med min far, Ole Gotved, var med til at stifte trossamfundet \u201dForn Si\u00f0r\u201d. Jeg har i 5 \u00e5r v\u00e6ret valgt som \u201dThul\u201d, dvs. religi\u00f8s inspirator, for Forn Si\u00f0r, og har flere gange foretaget b\u00e5de vielser og begravelser, og var i det hele taget et aktivt medlem af trossamfundet.<br>I 2022 valgte jeg af personlige \u00e5rsager at forlade Forn Si\u00f0r og stiftede sammen med flere andre \u201d<a href=\"https:\/\/www.nordiskskik.dk\/\">Nordisk Skik<\/a>\u201d hvor jeg siden har v\u00e6ret formand.<\/p>\n\n\n\n<p><em>Bogen &#8220;Asatro \u2013 de gamle guder i moderne tid&#8221;, udkom i 2001 som min f\u00f8rste bog om asatro emnet. <\/em><br><em>Da bogen tr\u00e6ngte til en revidering, udkom \u201cAsatro \u2013 Nordisk spiritualitet&#8221; p\u00e5 forlaget Lemuel i november 2019, som er en b\u00e5de revideret og kraftigt udvidet udgave af den f\u00f8rste.<\/em><br><em>I 2021 blev bogen \u201cV\u00f8lvekraft og Runekunst\u201d udgivet, ogs\u00e5 p\u00e5 Lemuel.<\/em><br><em>I 2024 udgav jeg, sammen med Jim Lyngvild bogen \u201cNordisk Mytologisk opslagsv\u00e6rk\u201d.<\/em><br>Se mere om b\u00f8gerne <a href=\"https:\/\/volvekraft.dk\/index.php\/boeger-om-asatro-nordisk-mytologi-og-voelver\/\">her<\/a><br><em>Endelig kom der i 2025 et s\u00e6t nordiske orakelkort \u201c<a href=\"https:\/\/volvekraft.dk\/index.php\/noegler-til-nordens-visdom-nordiske-orakelkort\/\">N\u00f8gler til Nordens Visdom<\/a>\u201d, som er illustreret af Louis Harrison.<\/em><\/p>\n\n\n\n<p>P\u00e5 grund af min viden om naturhelbredelse, urter og nordisk mytologi blev jeg i vikingemilj\u00f8et kendt som \u201dV\u00f8lven\u201d. Da jeg senere blev ansat som formidler og V\u00f8lve p\u00e5 Ribe Vikingecenter, blev det til \u201dV\u00f8lven fra Ribe\u201d.&nbsp; Ud over planterne arbejder jeg ogs\u00e5 med runerne. Det mere seri\u00f8se arbejde startede, da jeg p\u00e5 en af sine utallige ture til Island m\u00f8dte J\u00f3hanna Har\u00f0ard\u00f3ttir, der er V\u00f8lve og Gode i Island. Hun pegede mig i retningen til runernes vej, og den vej f\u00f8rte til en stor viden om runerne, s\u00e5 de nu bruges til vejledning af folk der st\u00e5r ved en skillevej.<\/p>\n\n\n\n<h5 class=\"wp-block-heading has-text-align-center has-x-large-font-size\"><strong><em>Links til artikler<\/em><\/strong><\/h5>\n\n\n\n<p>Her finder du links til noget af det, der har v\u00e6ret med og om mig i medierne.<\/p>\n\n\n\n<h2 class=\"wp-block-heading has-text-align-center has-large-font-size\"><strong><em>Aviser<\/em><\/strong><\/h2>\n\n\n\n<ul class=\"wp-block-list\">\n<li><a href=\"https:\/\/jv.dk\/vejen\/gudrun-var-hurtig-da-hun-saa-danmarks-giftigste-plante-barnet-der-plukkede-bladene-kunne-have-mistet-livet\">JV, juli 2024<\/a><\/li>\n\n\n\n<li><a href=\"https:\/\/jv.dk\/vejen\/gudrun-er-asatro-og-gaar-helt-sin-egen-vej-jeg-stod-selv-for-min-fars-begravelse-hans-aske-ligger-paa-en-offerplads-bag-i-haven\">JV, April 2024 (betalingsmur)<\/a><\/li>\n\n\n\n<li><a href=\"https:\/\/www.information.dk\/kultur\/2020\/11\/voelven-ribe-skaebnesammenflettede-naturen\">Information, November 2020<\/a><\/li>\n\n\n\n<li><a href=\"https:\/\/jv.dk\/sydjylland\/et-sidste-farvel-ole-gotved-blev-sendt-over-aaen\">JV, oktober 2019<\/a><\/li>\n\n\n\n<li><a href=\"https:\/\/www.kristeligt-dagblad.dk\/bagsiden\/asatroende-faellesskab-holder-moerket-fra-doeren\">Kristeligt Dagblad, december 2017<\/a><\/li>\n<\/ul>\n\n\n\n<h2 class=\"wp-block-heading has-text-align-center has-large-font-size\"><strong><em>Andre Medier<\/em><\/strong><\/h2>\n\n\n\n<ul class=\"wp-block-list\">\n<li>TV2, <a href=\"https:\/\/www.tv2kosmopol.dk\/anne-pa-herrens-mark\/anne-pa-herrens-mark-asatro\">Anne p\u00e5 Herrens mark 2010<\/a><\/li>\n<\/ul>\n","protected":false},"excerpt":{"rendered":"<p>V\u00f8lvekraft er en fort\u00e6lling om v\u00f8lvens vej og \u201dV\u00f8lven fra Ribe\u201d.&nbsp; Men hvem st\u00e5r bag V\u00f8lvekraft, hvem er V\u00f8lven? Jeg blev f\u00f8dt en oktoberdag i \u00e5ret 1964. Et par m\u00e5neder senere blev jeg ogs\u00e5 d\u00f8bt, meget mod min vilje. Men s\u00e5dan var det jo dengang, da skulle b\u00f8rn d\u00f8bes for at det gik rigtigt til. [&hellip;]<\/p>\n","protected":false},"author":1,"featured_media":51,"parent":0,"menu_order":0,"comment_status":"closed","ping_status":"closed","template":"om-mig","meta":{"footnotes":""},"class_list":["post-87","page","type-page","status-publish","has-post-thumbnail","hentry"],"yoast_head":"<!-- This site is optimized with the Yoast SEO plugin v27.4 - https:\/\/yoast.com\/product\/yoast-seo-wordpress\/ -->\n<title>Om mig - V&oslash;lvekraft ved V&oslash;lven fra Ribe<\/title>\n<meta name=\"description\" content=\"Her finder du en pr\u00e6sentation af mig, Gudrun Victoria Gotved, kendt som V\u00f8lven fra Ribe, forfatter til flere b\u00f8ger om Nordisk mytologi, asatro og v\u00f8lver.\" \/>\n<meta name=\"robots\" content=\"index, follow, max-snippet:-1, max-image-preview:large, max-video-preview:-1\" \/>\n<link rel=\"canonical\" href=\"https:\/\/volvekraft.dk\/index.php\/om-mig\/\" \/>\n<meta property=\"og:locale\" content=\"da_DK\" \/>\n<meta property=\"og:type\" content=\"article\" \/>\n<meta property=\"og:title\" content=\"Om mig - V&oslash;lvekraft ved V&oslash;lven fra Ribe\" \/>\n<meta property=\"og:description\" content=\"Her finder du en pr\u00e6sentation af mig, Gudrun Victoria Gotved, kendt som V\u00f8lven fra Ribe, forfatter til flere b\u00f8ger om Nordisk mytologi, asatro og v\u00f8lver.\" \/>\n<meta property=\"og:url\" content=\"https:\/\/volvekraft.dk\/index.php\/om-mig\/\" \/>\n<meta property=\"og:site_name\" content=\"V&oslash;lvekraft ved V&oslash;lven fra Ribe\" \/>\n<meta property=\"article:publisher\" content=\"https:\/\/www.facebook.com\/Volven\" \/>\n<meta property=\"article:modified_time\" content=\"2025-06-13T08:51:56+00:00\" \/>\n<meta property=\"og:image\" content=\"https:\/\/volvekraft.dk\/wp-content\/uploads\/2025\/06\/IMG_7950.jpeg\" \/>\n\t<meta property=\"og:image:width\" content=\"2365\" \/>\n\t<meta property=\"og:image:height\" content=\"1330\" \/>\n\t<meta property=\"og:image:type\" content=\"image\/jpeg\" \/>\n<meta name=\"twitter:card\" content=\"summary_large_image\" \/>\n<meta name=\"twitter:label1\" content=\"Estimeret l\u00e6setid\" \/>\n\t<meta name=\"twitter:data1\" content=\"3 minutter\" \/>\n<script type=\"application\/ld+json\" class=\"yoast-schema-graph\">{\"@context\":\"https:\\\/\\\/schema.org\",\"@graph\":[{\"@type\":\"WebPage\",\"@id\":\"https:\\\/\\\/volvekraft.dk\\\/index.php\\\/om-mig\\\/\",\"url\":\"https:\\\/\\\/volvekraft.dk\\\/index.php\\\/om-mig\\\/\",\"name\":\"Om mig - V&oslash;lvekraft ved V&oslash;lven fra Ribe\",\"isPartOf\":{\"@id\":\"https:\\\/\\\/volvekraft.dk\\\/#website\"},\"primaryImageOfPage\":{\"@id\":\"https:\\\/\\\/volvekraft.dk\\\/index.php\\\/om-mig\\\/#primaryimage\"},\"image\":{\"@id\":\"https:\\\/\\\/volvekraft.dk\\\/index.php\\\/om-mig\\\/#primaryimage\"},\"thumbnailUrl\":\"https:\\\/\\\/volvekraft.dk\\\/wp-content\\\/uploads\\\/2025\\\/06\\\/IMG_7950.jpeg\",\"datePublished\":\"2025-06-06T23:07:07+00:00\",\"dateModified\":\"2025-06-13T08:51:56+00:00\",\"description\":\"Her finder du en pr\u00e6sentation af mig, Gudrun Victoria Gotved, kendt som V\u00f8lven fra Ribe, forfatter til flere b\u00f8ger om Nordisk mytologi, asatro og v\u00f8lver.\",\"breadcrumb\":{\"@id\":\"https:\\\/\\\/volvekraft.dk\\\/index.php\\\/om-mig\\\/#breadcrumb\"},\"inLanguage\":\"da-DK\",\"potentialAction\":[{\"@type\":\"ReadAction\",\"target\":[\"https:\\\/\\\/volvekraft.dk\\\/index.php\\\/om-mig\\\/\"]}]},{\"@type\":\"ImageObject\",\"inLanguage\":\"da-DK\",\"@id\":\"https:\\\/\\\/volvekraft.dk\\\/index.php\\\/om-mig\\\/#primaryimage\",\"url\":\"https:\\\/\\\/volvekraft.dk\\\/wp-content\\\/uploads\\\/2025\\\/06\\\/IMG_7950.jpeg\",\"contentUrl\":\"https:\\\/\\\/volvekraft.dk\\\/wp-content\\\/uploads\\\/2025\\\/06\\\/IMG_7950.jpeg\",\"width\":2365,\"height\":1330},{\"@type\":\"BreadcrumbList\",\"@id\":\"https:\\\/\\\/volvekraft.dk\\\/index.php\\\/om-mig\\\/#breadcrumb\",\"itemListElement\":[{\"@type\":\"ListItem\",\"position\":1,\"name\":\"Hjem\",\"item\":\"https:\\\/\\\/volvekraft.dk\\\/\"},{\"@type\":\"ListItem\",\"position\":2,\"name\":\"Om mig\"}]},{\"@type\":\"WebSite\",\"@id\":\"https:\\\/\\\/volvekraft.dk\\\/#website\",\"url\":\"https:\\\/\\\/volvekraft.dk\\\/\",\"name\":\"V\u00f8lvekraft ved V\u00f8lven fra Ribe\",\"description\":\"ved V&oslash;lven fra Ribe\",\"publisher\":{\"@id\":\"https:\\\/\\\/volvekraft.dk\\\/#\\\/schema\\\/person\\\/a0acfa008f3e61b723b262825173393d\"},\"potentialAction\":[{\"@type\":\"SearchAction\",\"target\":{\"@type\":\"EntryPoint\",\"urlTemplate\":\"https:\\\/\\\/volvekraft.dk\\\/?s={search_term_string}\"},\"query-input\":{\"@type\":\"PropertyValueSpecification\",\"valueRequired\":true,\"valueName\":\"search_term_string\"}}],\"inLanguage\":\"da-DK\"},{\"@type\":[\"Person\",\"Organization\"],\"@id\":\"https:\\\/\\\/volvekraft.dk\\\/#\\\/schema\\\/person\\\/a0acfa008f3e61b723b262825173393d\",\"name\":\"Gudrun\",\"image\":{\"@type\":\"ImageObject\",\"inLanguage\":\"da-DK\",\"@id\":\"https:\\\/\\\/volvekraft.dk\\\/wp-content\\\/uploads\\\/2022\\\/01\\\/VoelvekraftLogoWithRagnaRunesFont-941x1024.jpg\",\"url\":\"https:\\\/\\\/volvekraft.dk\\\/wp-content\\\/uploads\\\/2022\\\/01\\\/VoelvekraftLogoWithRagnaRunesFont-941x1024.jpg\",\"contentUrl\":\"https:\\\/\\\/volvekraft.dk\\\/wp-content\\\/uploads\\\/2022\\\/01\\\/VoelvekraftLogoWithRagnaRunesFont-941x1024.jpg\",\"width\":941,\"height\":1024,\"caption\":\"Gudrun\"},\"logo\":{\"@id\":\"https:\\\/\\\/volvekraft.dk\\\/wp-content\\\/uploads\\\/2022\\\/01\\\/VoelvekraftLogoWithRagnaRunesFont-941x1024.jpg\"},\"description\":\"F\u00f8dt i 1964, Og mod sin vilje d\u00f8bt Gudrun Gotved. Har v\u00e6ret asatroende og spirituel siden barnsben. Medstifter af \u201dForn Si\u00f0r, Asa-og Vanetrosamfundet i Danmark\u201d, medstifter af trossamfundet \u201dNordisk skik\u201d. Fungeret som ritualforretter (gode) i mere end 25 \u00e5r, er blevet kaldt v\u00f8lve i mere end 20 \u00e5r, har v\u00e6ret ansat som v\u00f8lve p\u00e5 Ribe Vikingecenter i over 15 \u00e5r og arbejdet med runernes visdom lige s\u00e5 l\u00e6nge. Er derfor kendt som \\\"V\u00f8lven fra Ribe\\\". Velbevandret i diverse norr\u00f8ne kildetekster, runekyndig, troldkyndig og urtekyndig, healer, foredragsholder, forfatter og debatt\u00f8r. Tilbyder livsvejledning ved hj\u00e6lp af runer. Forfatter til b\u00f8gerne \\\"Asatro, Nordisk spiritualitet\\\". \\\"V\u00f8lvekraft og Runekunst\\\", \\\"Nordisk Mytologisk Opslagsv\u00e6rk\\\", samt orakelkort s\u00e6ttet \\\"N\u00f8gler til Nordens Visdom.\",\"sameAs\":[\"http:\\\/\\\/volvekraft.dk\",\"https:\\\/\\\/www.facebook.com\\\/Volven\",\"https:\\\/\\\/www.instagram.com\\\/volven_fra_ribe\\\/\",\"https:\\\/\\\/www.linkedin.com\\\/in\\\/gudrun-victoria-gotved-1085b46a\\\/\",\"https:\\\/\\\/www.youtube.com\\\/channel\\\/UCx9zykLxs-b7i3Rkt8KQjkg\"]}]}<\/script>\n<!-- \/ Yoast SEO plugin. -->","yoast_head_json":{"title":"Om mig - V&oslash;lvekraft ved V&oslash;lven fra Ribe","description":"Her finder du en pr\u00e6sentation af mig, Gudrun Victoria Gotved, kendt som V\u00f8lven fra Ribe, forfatter til flere b\u00f8ger om Nordisk mytologi, asatro og v\u00f8lver.","robots":{"index":"index","follow":"follow","max-snippet":"max-snippet:-1","max-image-preview":"max-image-preview:large","max-video-preview":"max-video-preview:-1"},"canonical":"https:\/\/volvekraft.dk\/index.php\/om-mig\/","og_locale":"da_DK","og_type":"article","og_title":"Om mig - V&oslash;lvekraft ved V&oslash;lven fra Ribe","og_description":"Her finder du en pr\u00e6sentation af mig, Gudrun Victoria Gotved, kendt som V\u00f8lven fra Ribe, forfatter til flere b\u00f8ger om Nordisk mytologi, asatro og v\u00f8lver.","og_url":"https:\/\/volvekraft.dk\/index.php\/om-mig\/","og_site_name":"V&oslash;lvekraft ved V&oslash;lven fra Ribe","article_publisher":"https:\/\/www.facebook.com\/Volven","article_modified_time":"2025-06-13T08:51:56+00:00","og_image":[{"width":2365,"height":1330,"url":"https:\/\/volvekraft.dk\/wp-content\/uploads\/2025\/06\/IMG_7950.jpeg","type":"image\/jpeg"}],"twitter_card":"summary_large_image","twitter_misc":{"Estimeret l\u00e6setid":"3 minutter"},"schema":{"@context":"https:\/\/schema.org","@graph":[{"@type":"WebPage","@id":"https:\/\/volvekraft.dk\/index.php\/om-mig\/","url":"https:\/\/volvekraft.dk\/index.php\/om-mig\/","name":"Om mig - V&oslash;lvekraft ved V&oslash;lven fra Ribe","isPartOf":{"@id":"https:\/\/volvekraft.dk\/#website"},"primaryImageOfPage":{"@id":"https:\/\/volvekraft.dk\/index.php\/om-mig\/#primaryimage"},"image":{"@id":"https:\/\/volvekraft.dk\/index.php\/om-mig\/#primaryimage"},"thumbnailUrl":"https:\/\/volvekraft.dk\/wp-content\/uploads\/2025\/06\/IMG_7950.jpeg","datePublished":"2025-06-06T23:07:07+00:00","dateModified":"2025-06-13T08:51:56+00:00","description":"Her finder du en pr\u00e6sentation af mig, Gudrun Victoria Gotved, kendt som V\u00f8lven fra Ribe, forfatter til flere b\u00f8ger om Nordisk mytologi, asatro og v\u00f8lver.","breadcrumb":{"@id":"https:\/\/volvekraft.dk\/index.php\/om-mig\/#breadcrumb"},"inLanguage":"da-DK","potentialAction":[{"@type":"ReadAction","target":["https:\/\/volvekraft.dk\/index.php\/om-mig\/"]}]},{"@type":"ImageObject","inLanguage":"da-DK","@id":"https:\/\/volvekraft.dk\/index.php\/om-mig\/#primaryimage","url":"https:\/\/volvekraft.dk\/wp-content\/uploads\/2025\/06\/IMG_7950.jpeg","contentUrl":"https:\/\/volvekraft.dk\/wp-content\/uploads\/2025\/06\/IMG_7950.jpeg","width":2365,"height":1330},{"@type":"BreadcrumbList","@id":"https:\/\/volvekraft.dk\/index.php\/om-mig\/#breadcrumb","itemListElement":[{"@type":"ListItem","position":1,"name":"Hjem","item":"https:\/\/volvekraft.dk\/"},{"@type":"ListItem","position":2,"name":"Om mig"}]},{"@type":"WebSite","@id":"https:\/\/volvekraft.dk\/#website","url":"https:\/\/volvekraft.dk\/","name":"V\u00f8lvekraft ved V\u00f8lven fra Ribe","description":"ved V&oslash;lven fra Ribe","publisher":{"@id":"https:\/\/volvekraft.dk\/#\/schema\/person\/a0acfa008f3e61b723b262825173393d"},"potentialAction":[{"@type":"SearchAction","target":{"@type":"EntryPoint","urlTemplate":"https:\/\/volvekraft.dk\/?s={search_term_string}"},"query-input":{"@type":"PropertyValueSpecification","valueRequired":true,"valueName":"search_term_string"}}],"inLanguage":"da-DK"},{"@type":["Person","Organization"],"@id":"https:\/\/volvekraft.dk\/#\/schema\/person\/a0acfa008f3e61b723b262825173393d","name":"Gudrun","image":{"@type":"ImageObject","inLanguage":"da-DK","@id":"https:\/\/volvekraft.dk\/wp-content\/uploads\/2022\/01\/VoelvekraftLogoWithRagnaRunesFont-941x1024.jpg","url":"https:\/\/volvekraft.dk\/wp-content\/uploads\/2022\/01\/VoelvekraftLogoWithRagnaRunesFont-941x1024.jpg","contentUrl":"https:\/\/volvekraft.dk\/wp-content\/uploads\/2022\/01\/VoelvekraftLogoWithRagnaRunesFont-941x1024.jpg","width":941,"height":1024,"caption":"Gudrun"},"logo":{"@id":"https:\/\/volvekraft.dk\/wp-content\/uploads\/2022\/01\/VoelvekraftLogoWithRagnaRunesFont-941x1024.jpg"},"description":"F\u00f8dt i 1964, Og mod sin vilje d\u00f8bt Gudrun Gotved. Har v\u00e6ret asatroende og spirituel siden barnsben. Medstifter af \u201dForn Si\u00f0r, Asa-og Vanetrosamfundet i Danmark\u201d, medstifter af trossamfundet \u201dNordisk skik\u201d. Fungeret som ritualforretter (gode) i mere end 25 \u00e5r, er blevet kaldt v\u00f8lve i mere end 20 \u00e5r, har v\u00e6ret ansat som v\u00f8lve p\u00e5 Ribe Vikingecenter i over 15 \u00e5r og arbejdet med runernes visdom lige s\u00e5 l\u00e6nge. Er derfor kendt som \"V\u00f8lven fra Ribe\". Velbevandret i diverse norr\u00f8ne kildetekster, runekyndig, troldkyndig og urtekyndig, healer, foredragsholder, forfatter og debatt\u00f8r. Tilbyder livsvejledning ved hj\u00e6lp af runer. Forfatter til b\u00f8gerne \"Asatro, Nordisk spiritualitet\". \"V\u00f8lvekraft og Runekunst\", \"Nordisk Mytologisk Opslagsv\u00e6rk\", samt orakelkort s\u00e6ttet \"N\u00f8gler til Nordens Visdom.","sameAs":["http:\/\/volvekraft.dk","https:\/\/www.facebook.com\/Volven","https:\/\/www.instagram.com\/volven_fra_ribe\/","https:\/\/www.linkedin.com\/in\/gudrun-victoria-gotved-1085b46a\/","https:\/\/www.youtube.com\/channel\/UCx9zykLxs-b7i3Rkt8KQjkg"]}]}},"_links":{"self":[{"href":"https:\/\/volvekraft.dk\/index.php\/wp-json\/wp\/v2\/pages\/87","targetHints":{"allow":["GET"]}}],"collection":[{"href":"https:\/\/volvekraft.dk\/index.php\/wp-json\/wp\/v2\/pages"}],"about":[{"href":"https:\/\/volvekraft.dk\/index.php\/wp-json\/wp\/v2\/types\/page"}],"author":[{"embeddable":true,"href":"https:\/\/volvekraft.dk\/index.php\/wp-json\/wp\/v2\/users\/1"}],"replies":[{"embeddable":true,"href":"https:\/\/volvekraft.dk\/index.php\/wp-json\/wp\/v2\/comments?post=87"}],"version-history":[{"count":19,"href":"https:\/\/volvekraft.dk\/index.php\/wp-json\/wp\/v2\/pages\/87\/revisions"}],"predecessor-version":[{"id":432,"href":"https:\/\/volvekraft.dk\/index.php\/wp-json\/wp\/v2\/pages\/87\/revisions\/432"}],"wp:featuredmedia":[{"embeddable":true,"href":"https:\/\/volvekraft.dk\/index.php\/wp-json\/wp\/v2\/media\/51"}],"wp:attachment":[{"href":"https:\/\/volvekraft.dk\/index.php\/wp-json\/wp\/v2\/media?parent=87"}],"curies":[{"name":"wp","href":"https:\/\/api.w.org\/{rel}","templated":true}]}}