{"id":83,"date":"2025-06-06T22:47:27","date_gmt":"2025-06-06T22:47:27","guid":{"rendered":"https:\/\/volvekraft.dk\/?page_id=83"},"modified":"2025-07-06T20:36:18","modified_gmt":"2025-07-06T20:36:18","slug":"hvem-og-hvad-er-voelven-hvilke-vaerktoejer-bruger-hun-voelvekraft-giver-dig-et-svar","status":"publish","type":"page","link":"https:\/\/volvekraft.dk\/index.php\/hvem-og-hvad-er-voelven-hvilke-vaerktoejer-bruger-hun-voelvekraft-giver-dig-et-svar\/","title":{"rendered":"V\u00f8lvens virke"},"content":{"rendered":"\n<h2 class=\"wp-block-heading has-text-align-center\" style=\"font-size:84px;font-style:normal;font-weight:700\"><em><strong>V\u00f8lvens virke<\/strong><\/em><\/h2>\n\n\n\n<h4 class=\"wp-block-heading has-text-align-center has-x-large-font-size\" style=\"font-style:normal;font-weight:400\"><strong>V\u00f8lven<\/strong><\/h4>\n\n\n\n<p>Jeg bliver ofte spurgt, hvad er en v\u00f8lve og det er jo egentligt et ganske godt sp\u00f8rgsm\u00e5l. Man kunne sige, at en v\u00f8lve er en nordisk seer. For det er vi ogs\u00e5, seere. Men vi er ogs\u00e5 s\u00e5 meget andet. Den nordiske Shaman, kunne man ogs\u00e5 sige, men s\u00e5 bliver jeg forskr\u00e6kket. For den betegnelse synes jeg bestemt ikke jeg lever op til. Og s\u00e5 er shaman i \u00f8vrigt en betegnelse der er forbeholdt den sibirisk\/mongolske tradition, hvis du sp\u00f8rger mig. Men noget kan jeg. Den kloge kone, er m\u00e5ske en ganske god betegnelse. Men en ting er sikkert. At v\u00e6re v\u00f8lve kr\u00e6ver livserfaring. Det er ikke noget man l\u00e6rer p\u00e5 et kursus, det kr\u00e6ver h\u00e5rdt arbejde og mange \u00e5rs tr\u00e6ning.&nbsp; I bogen \u201dV\u00f8lvekraft og Runekunst\u201d kan du f\u00f8lge mine fodspor p\u00e5 v\u00f8lvens vej, der tager jeg dig meget dybere ind i v\u00f8lvens univers.<\/p>\n\n\n\n<h4 class=\"wp-block-heading has-text-align-center has-x-large-font-size\" style=\"font-style:normal;font-weight:400\"><strong>Runer<\/strong><\/h4>\n\n\n\n<p>Jeg arbejder med runerne. Ved hj\u00e6lp af dem giver jeg gode r\u00e5d. Man tr\u00e6kker nogle runer, eller jeg tr\u00e6kker for dig hvis det foreg\u00e5r online, og s\u00e5 siger jeg, hvad runerne fort\u00e6ller. Bagefter taler vi om hvad runerne har sagt, og hvordan det kan hj\u00e6lpe dig videre.<\/p>\n\n\n\n<h4 class=\"wp-block-heading has-text-align-center has-x-large-font-size\" style=\"font-style:normal;font-weight:400\"><strong>Planter og healing<\/strong><\/h4>\n\n\n\n<p>De helbredende planter st\u00e5r mig meget n\u00e6rt. Jeg bruger dem ofte. Mine h\u00e6nder har dog kraften, s\u00e5 de bruges ogs\u00e5 til healing.<\/p>\n\n\n\n<h4 class=\"wp-block-heading has-text-align-center has-x-large-font-size\" style=\"font-style:normal;font-weight:400\"><strong>Sejd og trance<\/strong><\/h4>\n\n\n\n<p>I den nordiske tradition g\u00e5r v\u00f8lven i trance ved hj\u00e6lp af sang. Det kaldes for en \u201dsejd\u201d. Jeg rejser ogs\u00e5 med trommen, men sangen, s\u00e6det og staven er v\u00f8lvens vej.<\/p>\n\n\n\n<h4 class=\"wp-block-heading has-text-align-center has-x-large-font-size\" style=\"font-style:normal;font-weight:400\"><strong>Galder &#8211; Nordisk troldsang<\/strong><\/h4>\n\n\n\n<p>Den nordiske troldsang, kaldet galder arbejder jeg meget med. Mest til healing dog. <\/p>\n","protected":false},"excerpt":{"rendered":"<p>V\u00f8lvens virke V\u00f8lven Jeg bliver ofte spurgt, hvad er en v\u00f8lve og det er jo egentligt et ganske godt sp\u00f8rgsm\u00e5l. Man kunne sige, at en v\u00f8lve er en nordisk seer. For det er vi ogs\u00e5, seere. Men vi er ogs\u00e5 s\u00e5 meget andet. Den nordiske Shaman, kunne man ogs\u00e5 sige, men s\u00e5 bliver jeg forskr\u00e6kket. [&hellip;]<\/p>\n","protected":false},"author":1,"featured_media":257,"parent":0,"menu_order":0,"comment_status":"closed","ping_status":"closed","template":"volven","meta":{"footnotes":""},"class_list":["post-83","page","type-page","status-publish","has-post-thumbnail","hentry"],"yoast_head":"<!-- This site is optimized with the Yoast SEO plugin v27.6 - https:\/\/yoast.com\/product\/yoast-seo-wordpress\/ -->\n<title>V\u00f8lvekraft, V\u00f8lver, Asatro, Nordisk mytologi, Runer, Foredrag.<\/title>\n<meta name=\"description\" content=\"V\u00f8lvekraft er en side der fort\u00e6ller om V\u00f8lven, om asatro, om runer, om magisk sang og helbredende urter. Skabt af Gudrun Gotved, kendt som V\u00f8lven fra Ribe, forfatter til flere b\u00f8ger om Nordisk mytologi, asatro og v\u00f8lver. Kom, sl\u00e5 dig ned og drik af Mimers br\u00f8nd.\" \/>\n<meta name=\"robots\" content=\"index, follow, max-snippet:-1, max-image-preview:large, max-video-preview:-1\" \/>\n<link rel=\"canonical\" href=\"https:\/\/volvekraft.dk\/index.php\/hvem-og-hvad-er-voelven-hvilke-vaerktoejer-bruger-hun-voelvekraft-giver-dig-et-svar\/\" \/>\n<meta property=\"og:locale\" content=\"da_DK\" \/>\n<meta property=\"og:type\" content=\"article\" \/>\n<meta property=\"og:title\" content=\"V\u00f8lvekraft, V\u00f8lver, Asatro, Nordisk mytologi, Runer, Foredrag.\" \/>\n<meta property=\"og:description\" content=\"V\u00f8lvekraft er en side der fort\u00e6ller om V\u00f8lven, om asatro, om runer, om magisk sang og helbredende urter. Skabt af Gudrun Gotved, kendt som V\u00f8lven fra Ribe, forfatter til flere b\u00f8ger om Nordisk mytologi, asatro og v\u00f8lver. Kom, sl\u00e5 dig ned og drik af Mimers br\u00f8nd.\" \/>\n<meta property=\"og:url\" content=\"https:\/\/volvekraft.dk\/index.php\/hvem-og-hvad-er-voelven-hvilke-vaerktoejer-bruger-hun-voelvekraft-giver-dig-et-svar\/\" \/>\n<meta property=\"og:site_name\" content=\"V&oslash;lvekraft ved V&oslash;lven fra Ribe\" \/>\n<meta property=\"article:publisher\" content=\"https:\/\/www.facebook.com\/Volven\" \/>\n<meta property=\"article:modified_time\" content=\"2025-07-06T20:36:18+00:00\" \/>\n<meta property=\"og:image\" content=\"https:\/\/volvekraft.dk\/wp-content\/uploads\/2025\/06\/IMG_7839.jpeg\" \/>\n\t<meta property=\"og:image:width\" content=\"2048\" \/>\n\t<meta property=\"og:image:height\" content=\"1536\" \/>\n\t<meta property=\"og:image:type\" content=\"image\/jpeg\" \/>\n<meta name=\"twitter:card\" content=\"summary_large_image\" \/>\n<meta name=\"twitter:label1\" content=\"Estimeret l\u00e6setid\" \/>\n\t<meta name=\"twitter:data1\" content=\"1 minut\" \/>\n<script type=\"application\/ld+json\" class=\"yoast-schema-graph\">{\"@context\":\"https:\\\/\\\/schema.org\",\"@graph\":[{\"@type\":\"WebPage\",\"@id\":\"https:\\\/\\\/volvekraft.dk\\\/index.php\\\/hvem-og-hvad-er-voelven-hvilke-vaerktoejer-bruger-hun-voelvekraft-giver-dig-et-svar\\\/\",\"url\":\"https:\\\/\\\/volvekraft.dk\\\/index.php\\\/hvem-og-hvad-er-voelven-hvilke-vaerktoejer-bruger-hun-voelvekraft-giver-dig-et-svar\\\/\",\"name\":\"V\u00f8lvekraft, V\u00f8lver, Asatro, Nordisk mytologi, Runer, Foredrag.\",\"isPartOf\":{\"@id\":\"https:\\\/\\\/volvekraft.dk\\\/#website\"},\"primaryImageOfPage\":{\"@id\":\"https:\\\/\\\/volvekraft.dk\\\/index.php\\\/hvem-og-hvad-er-voelven-hvilke-vaerktoejer-bruger-hun-voelvekraft-giver-dig-et-svar\\\/#primaryimage\"},\"image\":{\"@id\":\"https:\\\/\\\/volvekraft.dk\\\/index.php\\\/hvem-og-hvad-er-voelven-hvilke-vaerktoejer-bruger-hun-voelvekraft-giver-dig-et-svar\\\/#primaryimage\"},\"thumbnailUrl\":\"https:\\\/\\\/volvekraft.dk\\\/wp-content\\\/uploads\\\/2025\\\/06\\\/IMG_7839.jpeg\",\"datePublished\":\"2025-06-06T22:47:27+00:00\",\"dateModified\":\"2025-07-06T20:36:18+00:00\",\"description\":\"V\u00f8lvekraft er en side der fort\u00e6ller om V\u00f8lven, om asatro, om runer, om magisk sang og helbredende urter. Skabt af Gudrun Gotved, kendt som V\u00f8lven fra Ribe, forfatter til flere b\u00f8ger om Nordisk mytologi, asatro og v\u00f8lver. Kom, sl\u00e5 dig ned og drik af Mimers br\u00f8nd.\",\"breadcrumb\":{\"@id\":\"https:\\\/\\\/volvekraft.dk\\\/index.php\\\/hvem-og-hvad-er-voelven-hvilke-vaerktoejer-bruger-hun-voelvekraft-giver-dig-et-svar\\\/#breadcrumb\"},\"inLanguage\":\"da-DK\",\"potentialAction\":[{\"@type\":\"ReadAction\",\"target\":[\"https:\\\/\\\/volvekraft.dk\\\/index.php\\\/hvem-og-hvad-er-voelven-hvilke-vaerktoejer-bruger-hun-voelvekraft-giver-dig-et-svar\\\/\"]}]},{\"@type\":\"ImageObject\",\"inLanguage\":\"da-DK\",\"@id\":\"https:\\\/\\\/volvekraft.dk\\\/index.php\\\/hvem-og-hvad-er-voelven-hvilke-vaerktoejer-bruger-hun-voelvekraft-giver-dig-et-svar\\\/#primaryimage\",\"url\":\"https:\\\/\\\/volvekraft.dk\\\/wp-content\\\/uploads\\\/2025\\\/06\\\/IMG_7839.jpeg\",\"contentUrl\":\"https:\\\/\\\/volvekraft.dk\\\/wp-content\\\/uploads\\\/2025\\\/06\\\/IMG_7839.jpeg\",\"width\":2048,\"height\":1536},{\"@type\":\"BreadcrumbList\",\"@id\":\"https:\\\/\\\/volvekraft.dk\\\/index.php\\\/hvem-og-hvad-er-voelven-hvilke-vaerktoejer-bruger-hun-voelvekraft-giver-dig-et-svar\\\/#breadcrumb\",\"itemListElement\":[{\"@type\":\"ListItem\",\"position\":1,\"name\":\"Hjem\",\"item\":\"https:\\\/\\\/volvekraft.dk\\\/\"},{\"@type\":\"ListItem\",\"position\":2,\"name\":\"V\u00f8lvens virke\"}]},{\"@type\":\"WebSite\",\"@id\":\"https:\\\/\\\/volvekraft.dk\\\/#website\",\"url\":\"https:\\\/\\\/volvekraft.dk\\\/\",\"name\":\"V\u00f8lvekraft ved V\u00f8lven fra Ribe\",\"description\":\"ved V&oslash;lven fra Ribe\",\"publisher\":{\"@id\":\"https:\\\/\\\/volvekraft.dk\\\/#\\\/schema\\\/person\\\/a0acfa008f3e61b723b262825173393d\"},\"potentialAction\":[{\"@type\":\"SearchAction\",\"target\":{\"@type\":\"EntryPoint\",\"urlTemplate\":\"https:\\\/\\\/volvekraft.dk\\\/?s={search_term_string}\"},\"query-input\":{\"@type\":\"PropertyValueSpecification\",\"valueRequired\":true,\"valueName\":\"search_term_string\"}}],\"inLanguage\":\"da-DK\"},{\"@type\":[\"Person\",\"Organization\"],\"@id\":\"https:\\\/\\\/volvekraft.dk\\\/#\\\/schema\\\/person\\\/a0acfa008f3e61b723b262825173393d\",\"name\":\"Gudrun\",\"image\":{\"@type\":\"ImageObject\",\"inLanguage\":\"da-DK\",\"@id\":\"https:\\\/\\\/volvekraft.dk\\\/wp-content\\\/uploads\\\/2022\\\/01\\\/VoelvekraftLogoWithRagnaRunesFont-941x1024.jpg\",\"url\":\"https:\\\/\\\/volvekraft.dk\\\/wp-content\\\/uploads\\\/2022\\\/01\\\/VoelvekraftLogoWithRagnaRunesFont-941x1024.jpg\",\"contentUrl\":\"https:\\\/\\\/volvekraft.dk\\\/wp-content\\\/uploads\\\/2022\\\/01\\\/VoelvekraftLogoWithRagnaRunesFont-941x1024.jpg\",\"width\":941,\"height\":1024,\"caption\":\"Gudrun\"},\"logo\":{\"@id\":\"https:\\\/\\\/volvekraft.dk\\\/wp-content\\\/uploads\\\/2022\\\/01\\\/VoelvekraftLogoWithRagnaRunesFont-941x1024.jpg\"},\"description\":\"F\u00f8dt i 1964, Og mod sin vilje d\u00f8bt Gudrun Gotved. Har v\u00e6ret asatroende og spirituel siden barnsben. Medstifter af \u201dForn Si\u00f0r, Asa-og Vanetrosamfundet i Danmark\u201d, medstifter af trossamfundet \u201dNordisk skik\u201d. Fungeret som ritualforretter (gode) i mere end 25 \u00e5r, er blevet kaldt v\u00f8lve i mere end 20 \u00e5r, har v\u00e6ret ansat som v\u00f8lve p\u00e5 Ribe Vikingecenter i over 15 \u00e5r og arbejdet med runernes visdom lige s\u00e5 l\u00e6nge. Er derfor kendt som \\\"V\u00f8lven fra Ribe\\\". Velbevandret i diverse norr\u00f8ne kildetekster, runekyndig, troldkyndig og urtekyndig, healer, foredragsholder, forfatter og debatt\u00f8r. Tilbyder livsvejledning ved hj\u00e6lp af runer. Forfatter til b\u00f8gerne \\\"Asatro, Nordisk spiritualitet\\\". \\\"V\u00f8lvekraft og Runekunst\\\", \\\"Nordisk Mytologisk Opslagsv\u00e6rk\\\", samt orakelkort s\u00e6ttet \\\"N\u00f8gler til Nordens Visdom.\",\"sameAs\":[\"http:\\\/\\\/volvekraft.dk\",\"https:\\\/\\\/www.facebook.com\\\/Volven\",\"https:\\\/\\\/www.instagram.com\\\/volven_fra_ribe\\\/\",\"https:\\\/\\\/www.linkedin.com\\\/in\\\/gudrun-victoria-gotved-1085b46a\\\/\",\"https:\\\/\\\/www.youtube.com\\\/channel\\\/UCx9zykLxs-b7i3Rkt8KQjkg\"]}]}<\/script>\n<!-- \/ Yoast SEO plugin. -->","yoast_head_json":{"title":"V\u00f8lvekraft, V\u00f8lver, Asatro, Nordisk mytologi, Runer, Foredrag.","description":"V\u00f8lvekraft er en side der fort\u00e6ller om V\u00f8lven, om asatro, om runer, om magisk sang og helbredende urter. Skabt af Gudrun Gotved, kendt som V\u00f8lven fra Ribe, forfatter til flere b\u00f8ger om Nordisk mytologi, asatro og v\u00f8lver. Kom, sl\u00e5 dig ned og drik af Mimers br\u00f8nd.","robots":{"index":"index","follow":"follow","max-snippet":"max-snippet:-1","max-image-preview":"max-image-preview:large","max-video-preview":"max-video-preview:-1"},"canonical":"https:\/\/volvekraft.dk\/index.php\/hvem-og-hvad-er-voelven-hvilke-vaerktoejer-bruger-hun-voelvekraft-giver-dig-et-svar\/","og_locale":"da_DK","og_type":"article","og_title":"V\u00f8lvekraft, V\u00f8lver, Asatro, Nordisk mytologi, Runer, Foredrag.","og_description":"V\u00f8lvekraft er en side der fort\u00e6ller om V\u00f8lven, om asatro, om runer, om magisk sang og helbredende urter. Skabt af Gudrun Gotved, kendt som V\u00f8lven fra Ribe, forfatter til flere b\u00f8ger om Nordisk mytologi, asatro og v\u00f8lver. Kom, sl\u00e5 dig ned og drik af Mimers br\u00f8nd.","og_url":"https:\/\/volvekraft.dk\/index.php\/hvem-og-hvad-er-voelven-hvilke-vaerktoejer-bruger-hun-voelvekraft-giver-dig-et-svar\/","og_site_name":"V&oslash;lvekraft ved V&oslash;lven fra Ribe","article_publisher":"https:\/\/www.facebook.com\/Volven","article_modified_time":"2025-07-06T20:36:18+00:00","og_image":[{"width":2048,"height":1536,"url":"https:\/\/volvekraft.dk\/wp-content\/uploads\/2025\/06\/IMG_7839.jpeg","type":"image\/jpeg"}],"twitter_card":"summary_large_image","twitter_misc":{"Estimeret l\u00e6setid":"1 minut"},"schema":{"@context":"https:\/\/schema.org","@graph":[{"@type":"WebPage","@id":"https:\/\/volvekraft.dk\/index.php\/hvem-og-hvad-er-voelven-hvilke-vaerktoejer-bruger-hun-voelvekraft-giver-dig-et-svar\/","url":"https:\/\/volvekraft.dk\/index.php\/hvem-og-hvad-er-voelven-hvilke-vaerktoejer-bruger-hun-voelvekraft-giver-dig-et-svar\/","name":"V\u00f8lvekraft, V\u00f8lver, Asatro, Nordisk mytologi, Runer, Foredrag.","isPartOf":{"@id":"https:\/\/volvekraft.dk\/#website"},"primaryImageOfPage":{"@id":"https:\/\/volvekraft.dk\/index.php\/hvem-og-hvad-er-voelven-hvilke-vaerktoejer-bruger-hun-voelvekraft-giver-dig-et-svar\/#primaryimage"},"image":{"@id":"https:\/\/volvekraft.dk\/index.php\/hvem-og-hvad-er-voelven-hvilke-vaerktoejer-bruger-hun-voelvekraft-giver-dig-et-svar\/#primaryimage"},"thumbnailUrl":"https:\/\/volvekraft.dk\/wp-content\/uploads\/2025\/06\/IMG_7839.jpeg","datePublished":"2025-06-06T22:47:27+00:00","dateModified":"2025-07-06T20:36:18+00:00","description":"V\u00f8lvekraft er en side der fort\u00e6ller om V\u00f8lven, om asatro, om runer, om magisk sang og helbredende urter. Skabt af Gudrun Gotved, kendt som V\u00f8lven fra Ribe, forfatter til flere b\u00f8ger om Nordisk mytologi, asatro og v\u00f8lver. Kom, sl\u00e5 dig ned og drik af Mimers br\u00f8nd.","breadcrumb":{"@id":"https:\/\/volvekraft.dk\/index.php\/hvem-og-hvad-er-voelven-hvilke-vaerktoejer-bruger-hun-voelvekraft-giver-dig-et-svar\/#breadcrumb"},"inLanguage":"da-DK","potentialAction":[{"@type":"ReadAction","target":["https:\/\/volvekraft.dk\/index.php\/hvem-og-hvad-er-voelven-hvilke-vaerktoejer-bruger-hun-voelvekraft-giver-dig-et-svar\/"]}]},{"@type":"ImageObject","inLanguage":"da-DK","@id":"https:\/\/volvekraft.dk\/index.php\/hvem-og-hvad-er-voelven-hvilke-vaerktoejer-bruger-hun-voelvekraft-giver-dig-et-svar\/#primaryimage","url":"https:\/\/volvekraft.dk\/wp-content\/uploads\/2025\/06\/IMG_7839.jpeg","contentUrl":"https:\/\/volvekraft.dk\/wp-content\/uploads\/2025\/06\/IMG_7839.jpeg","width":2048,"height":1536},{"@type":"BreadcrumbList","@id":"https:\/\/volvekraft.dk\/index.php\/hvem-og-hvad-er-voelven-hvilke-vaerktoejer-bruger-hun-voelvekraft-giver-dig-et-svar\/#breadcrumb","itemListElement":[{"@type":"ListItem","position":1,"name":"Hjem","item":"https:\/\/volvekraft.dk\/"},{"@type":"ListItem","position":2,"name":"V\u00f8lvens virke"}]},{"@type":"WebSite","@id":"https:\/\/volvekraft.dk\/#website","url":"https:\/\/volvekraft.dk\/","name":"V\u00f8lvekraft ved V\u00f8lven fra Ribe","description":"ved V&oslash;lven fra Ribe","publisher":{"@id":"https:\/\/volvekraft.dk\/#\/schema\/person\/a0acfa008f3e61b723b262825173393d"},"potentialAction":[{"@type":"SearchAction","target":{"@type":"EntryPoint","urlTemplate":"https:\/\/volvekraft.dk\/?s={search_term_string}"},"query-input":{"@type":"PropertyValueSpecification","valueRequired":true,"valueName":"search_term_string"}}],"inLanguage":"da-DK"},{"@type":["Person","Organization"],"@id":"https:\/\/volvekraft.dk\/#\/schema\/person\/a0acfa008f3e61b723b262825173393d","name":"Gudrun","image":{"@type":"ImageObject","inLanguage":"da-DK","@id":"https:\/\/volvekraft.dk\/wp-content\/uploads\/2022\/01\/VoelvekraftLogoWithRagnaRunesFont-941x1024.jpg","url":"https:\/\/volvekraft.dk\/wp-content\/uploads\/2022\/01\/VoelvekraftLogoWithRagnaRunesFont-941x1024.jpg","contentUrl":"https:\/\/volvekraft.dk\/wp-content\/uploads\/2022\/01\/VoelvekraftLogoWithRagnaRunesFont-941x1024.jpg","width":941,"height":1024,"caption":"Gudrun"},"logo":{"@id":"https:\/\/volvekraft.dk\/wp-content\/uploads\/2022\/01\/VoelvekraftLogoWithRagnaRunesFont-941x1024.jpg"},"description":"F\u00f8dt i 1964, Og mod sin vilje d\u00f8bt Gudrun Gotved. Har v\u00e6ret asatroende og spirituel siden barnsben. Medstifter af \u201dForn Si\u00f0r, Asa-og Vanetrosamfundet i Danmark\u201d, medstifter af trossamfundet \u201dNordisk skik\u201d. Fungeret som ritualforretter (gode) i mere end 25 \u00e5r, er blevet kaldt v\u00f8lve i mere end 20 \u00e5r, har v\u00e6ret ansat som v\u00f8lve p\u00e5 Ribe Vikingecenter i over 15 \u00e5r og arbejdet med runernes visdom lige s\u00e5 l\u00e6nge. Er derfor kendt som \"V\u00f8lven fra Ribe\". Velbevandret i diverse norr\u00f8ne kildetekster, runekyndig, troldkyndig og urtekyndig, healer, foredragsholder, forfatter og debatt\u00f8r. Tilbyder livsvejledning ved hj\u00e6lp af runer. Forfatter til b\u00f8gerne \"Asatro, Nordisk spiritualitet\". \"V\u00f8lvekraft og Runekunst\", \"Nordisk Mytologisk Opslagsv\u00e6rk\", samt orakelkort s\u00e6ttet \"N\u00f8gler til Nordens Visdom.","sameAs":["http:\/\/volvekraft.dk","https:\/\/www.facebook.com\/Volven","https:\/\/www.instagram.com\/volven_fra_ribe\/","https:\/\/www.linkedin.com\/in\/gudrun-victoria-gotved-1085b46a\/","https:\/\/www.youtube.com\/channel\/UCx9zykLxs-b7i3Rkt8KQjkg"]}]}},"_links":{"self":[{"href":"https:\/\/volvekraft.dk\/index.php\/wp-json\/wp\/v2\/pages\/83","targetHints":{"allow":["GET"]}}],"collection":[{"href":"https:\/\/volvekraft.dk\/index.php\/wp-json\/wp\/v2\/pages"}],"about":[{"href":"https:\/\/volvekraft.dk\/index.php\/wp-json\/wp\/v2\/types\/page"}],"author":[{"embeddable":true,"href":"https:\/\/volvekraft.dk\/index.php\/wp-json\/wp\/v2\/users\/1"}],"replies":[{"embeddable":true,"href":"https:\/\/volvekraft.dk\/index.php\/wp-json\/wp\/v2\/comments?post=83"}],"version-history":[{"count":12,"href":"https:\/\/volvekraft.dk\/index.php\/wp-json\/wp\/v2\/pages\/83\/revisions"}],"predecessor-version":[{"id":535,"href":"https:\/\/volvekraft.dk\/index.php\/wp-json\/wp\/v2\/pages\/83\/revisions\/535"}],"wp:featuredmedia":[{"embeddable":true,"href":"https:\/\/volvekraft.dk\/index.php\/wp-json\/wp\/v2\/media\/257"}],"wp:attachment":[{"href":"https:\/\/volvekraft.dk\/index.php\/wp-json\/wp\/v2\/media?parent=83"}],"curies":[{"name":"wp","href":"https:\/\/api.w.org\/{rel}","templated":true}]}}