{"id":301,"date":"2025-06-10T07:38:16","date_gmt":"2025-06-10T07:38:16","guid":{"rendered":"https:\/\/volvekraft.dk\/?page_id=301"},"modified":"2025-07-06T20:35:39","modified_gmt":"2025-07-06T20:35:39","slug":"kommende-arrangementer","status":"publish","type":"page","link":"https:\/\/volvekraft.dk\/index.php\/kommende-arrangementer\/","title":{"rendered":"Kommende arrangementer"},"content":{"rendered":"\n<h2 class=\"wp-block-heading has-text-align-center\" style=\"font-size:84px\"><strong><em>M\u00f8d mig<\/em><\/strong><\/h2>\n\n\n\n<p>Her vil du finde en liste over planlagte arrangementer. Dog kun de \u00e5bne, hvor alle kan tilmelde sig. <\/p>\n\n\n\n<ul class=\"wp-block-list\">\n<li>6.-7. september: <a href=\"https:\/\/nordfynsvikingemarked.dk\/\">Nordfyns Vikingemarked i Glavendruplunden<\/a><\/li>\n\n\n\n<li>4.-8. august: <a href=\"https:\/\/www.ribevikingecenter.dk\/program\/vikingerne-og-hvide-krist\">Ribe Vikingecenter<\/a><\/li>\n\n\n\n<li>12.-20. juli: <a href=\"https:\/\/natmus.dk\/museer-og-slotte\/trelleborg\/vikingefestival\/\">Trelleborg Vikingefestival ved Slagelse<\/a><\/li>\n\n\n\n<li style=\"text-decoration:line-through\">25.juni 2025: <a href=\"https:\/\/www.aeldresagen.dk\/lokalafdelinger\/varde-blaabjerg-blaavandshuk\/aktiviteter-og-kurser\/k103603-foredrag-noerre-nebel?mid=cdd8aa097d004620a6a64c1883b81a18&amp;category=foredrag-og-m%C3%B8der\">Foredrag om V\u00f8lven, N\u00f8rre Nebel<\/a><\/li>\n\n\n\n<li style=\"text-decoration:line-through\">14.-17 juni 2025: <a href=\"https:\/\/www.facebook.com\/events\/478433881296611\/?_rdr\">Vikingefestival i Hafnarfj\u00f6r\u00f0ur, Island<\/a> <\/li>\n<\/ul>\n\n\n\n<p><\/p>\n","protected":false},"excerpt":{"rendered":"<p>M\u00f8d mig Her vil du finde en liste over planlagte arrangementer. Dog kun de \u00e5bne, hvor alle kan tilmelde sig.<\/p>\n","protected":false},"author":1,"featured_media":0,"parent":0,"menu_order":0,"comment_status":"closed","ping_status":"closed","template":"","meta":{"footnotes":""},"class_list":["post-301","page","type-page","status-publish","hentry"],"yoast_head":"<!-- This site is optimized with the Yoast SEO plugin v27.6 - https:\/\/yoast.com\/product\/yoast-seo-wordpress\/ -->\n<title>Kommende arrangementer - V&oslash;lvekraft ved V&oslash;lven fra Ribe<\/title>\n<meta name=\"description\" content=\"Her er en liste over de steder jeg planl\u00e6gger at komme. Enten foredrag eller vikingemarkeder.\" \/>\n<meta name=\"robots\" content=\"index, follow, max-snippet:-1, max-image-preview:large, max-video-preview:-1\" \/>\n<link rel=\"canonical\" href=\"https:\/\/volvekraft.dk\/index.php\/kommende-arrangementer\/\" \/>\n<meta property=\"og:locale\" content=\"da_DK\" \/>\n<meta property=\"og:type\" content=\"article\" \/>\n<meta property=\"og:title\" content=\"Kommende arrangementer - V&oslash;lvekraft ved V&oslash;lven fra Ribe\" \/>\n<meta property=\"og:description\" content=\"Her er en liste over de steder jeg planl\u00e6gger at komme. Enten foredrag eller vikingemarkeder.\" \/>\n<meta property=\"og:url\" content=\"https:\/\/volvekraft.dk\/index.php\/kommende-arrangementer\/\" \/>\n<meta property=\"og:site_name\" content=\"V&oslash;lvekraft ved V&oslash;lven fra Ribe\" \/>\n<meta property=\"article:publisher\" content=\"https:\/\/www.facebook.com\/Volven\" \/>\n<meta property=\"article:modified_time\" content=\"2025-07-06T20:35:39+00:00\" \/>\n<meta name=\"twitter:card\" content=\"summary_large_image\" \/>\n<meta name=\"twitter:label1\" content=\"Estimeret l\u00e6setid\" \/>\n\t<meta name=\"twitter:data1\" content=\"1 minut\" \/>\n<script type=\"application\/ld+json\" class=\"yoast-schema-graph\">{\"@context\":\"https:\\\/\\\/schema.org\",\"@graph\":[{\"@type\":\"WebPage\",\"@id\":\"https:\\\/\\\/volvekraft.dk\\\/index.php\\\/kommende-arrangementer\\\/\",\"url\":\"https:\\\/\\\/volvekraft.dk\\\/index.php\\\/kommende-arrangementer\\\/\",\"name\":\"Kommende arrangementer - V&oslash;lvekraft ved V&oslash;lven fra Ribe\",\"isPartOf\":{\"@id\":\"https:\\\/\\\/volvekraft.dk\\\/#website\"},\"datePublished\":\"2025-06-10T07:38:16+00:00\",\"dateModified\":\"2025-07-06T20:35:39+00:00\",\"description\":\"Her er en liste over de steder jeg planl\u00e6gger at komme. Enten foredrag eller vikingemarkeder.\",\"breadcrumb\":{\"@id\":\"https:\\\/\\\/volvekraft.dk\\\/index.php\\\/kommende-arrangementer\\\/#breadcrumb\"},\"inLanguage\":\"da-DK\",\"potentialAction\":[{\"@type\":\"ReadAction\",\"target\":[\"https:\\\/\\\/volvekraft.dk\\\/index.php\\\/kommende-arrangementer\\\/\"]}]},{\"@type\":\"BreadcrumbList\",\"@id\":\"https:\\\/\\\/volvekraft.dk\\\/index.php\\\/kommende-arrangementer\\\/#breadcrumb\",\"itemListElement\":[{\"@type\":\"ListItem\",\"position\":1,\"name\":\"Hjem\",\"item\":\"https:\\\/\\\/volvekraft.dk\\\/\"},{\"@type\":\"ListItem\",\"position\":2,\"name\":\"Kommende arrangementer\"}]},{\"@type\":\"WebSite\",\"@id\":\"https:\\\/\\\/volvekraft.dk\\\/#website\",\"url\":\"https:\\\/\\\/volvekraft.dk\\\/\",\"name\":\"V\u00f8lvekraft ved V\u00f8lven fra Ribe\",\"description\":\"ved V&oslash;lven fra Ribe\",\"publisher\":{\"@id\":\"https:\\\/\\\/volvekraft.dk\\\/#\\\/schema\\\/person\\\/a0acfa008f3e61b723b262825173393d\"},\"potentialAction\":[{\"@type\":\"SearchAction\",\"target\":{\"@type\":\"EntryPoint\",\"urlTemplate\":\"https:\\\/\\\/volvekraft.dk\\\/?s={search_term_string}\"},\"query-input\":{\"@type\":\"PropertyValueSpecification\",\"valueRequired\":true,\"valueName\":\"search_term_string\"}}],\"inLanguage\":\"da-DK\"},{\"@type\":[\"Person\",\"Organization\"],\"@id\":\"https:\\\/\\\/volvekraft.dk\\\/#\\\/schema\\\/person\\\/a0acfa008f3e61b723b262825173393d\",\"name\":\"Gudrun\",\"image\":{\"@type\":\"ImageObject\",\"inLanguage\":\"da-DK\",\"@id\":\"https:\\\/\\\/volvekraft.dk\\\/wp-content\\\/uploads\\\/2022\\\/01\\\/VoelvekraftLogoWithRagnaRunesFont-941x1024.jpg\",\"url\":\"https:\\\/\\\/volvekraft.dk\\\/wp-content\\\/uploads\\\/2022\\\/01\\\/VoelvekraftLogoWithRagnaRunesFont-941x1024.jpg\",\"contentUrl\":\"https:\\\/\\\/volvekraft.dk\\\/wp-content\\\/uploads\\\/2022\\\/01\\\/VoelvekraftLogoWithRagnaRunesFont-941x1024.jpg\",\"width\":941,\"height\":1024,\"caption\":\"Gudrun\"},\"logo\":{\"@id\":\"https:\\\/\\\/volvekraft.dk\\\/wp-content\\\/uploads\\\/2022\\\/01\\\/VoelvekraftLogoWithRagnaRunesFont-941x1024.jpg\"},\"description\":\"F\u00f8dt i 1964, Og mod sin vilje d\u00f8bt Gudrun Gotved. Har v\u00e6ret asatroende og spirituel siden barnsben. Medstifter af \u201dForn Si\u00f0r, Asa-og Vanetrosamfundet i Danmark\u201d, medstifter af trossamfundet \u201dNordisk skik\u201d. Fungeret som ritualforretter (gode) i mere end 25 \u00e5r, er blevet kaldt v\u00f8lve i mere end 20 \u00e5r, har v\u00e6ret ansat som v\u00f8lve p\u00e5 Ribe Vikingecenter i over 15 \u00e5r og arbejdet med runernes visdom lige s\u00e5 l\u00e6nge. Er derfor kendt som \\\"V\u00f8lven fra Ribe\\\". Velbevandret i diverse norr\u00f8ne kildetekster, runekyndig, troldkyndig og urtekyndig, healer, foredragsholder, forfatter og debatt\u00f8r. Tilbyder livsvejledning ved hj\u00e6lp af runer. Forfatter til b\u00f8gerne \\\"Asatro, Nordisk spiritualitet\\\". \\\"V\u00f8lvekraft og Runekunst\\\", \\\"Nordisk Mytologisk Opslagsv\u00e6rk\\\", samt orakelkort s\u00e6ttet \\\"N\u00f8gler til Nordens Visdom.\",\"sameAs\":[\"http:\\\/\\\/volvekraft.dk\",\"https:\\\/\\\/www.facebook.com\\\/Volven\",\"https:\\\/\\\/www.instagram.com\\\/volven_fra_ribe\\\/\",\"https:\\\/\\\/www.linkedin.com\\\/in\\\/gudrun-victoria-gotved-1085b46a\\\/\",\"https:\\\/\\\/www.youtube.com\\\/channel\\\/UCx9zykLxs-b7i3Rkt8KQjkg\"]}]}<\/script>\n<!-- \/ Yoast SEO plugin. -->","yoast_head_json":{"title":"Kommende arrangementer - V&oslash;lvekraft ved V&oslash;lven fra Ribe","description":"Her er en liste over de steder jeg planl\u00e6gger at komme. Enten foredrag eller vikingemarkeder.","robots":{"index":"index","follow":"follow","max-snippet":"max-snippet:-1","max-image-preview":"max-image-preview:large","max-video-preview":"max-video-preview:-1"},"canonical":"https:\/\/volvekraft.dk\/index.php\/kommende-arrangementer\/","og_locale":"da_DK","og_type":"article","og_title":"Kommende arrangementer - V&oslash;lvekraft ved V&oslash;lven fra Ribe","og_description":"Her er en liste over de steder jeg planl\u00e6gger at komme. Enten foredrag eller vikingemarkeder.","og_url":"https:\/\/volvekraft.dk\/index.php\/kommende-arrangementer\/","og_site_name":"V&oslash;lvekraft ved V&oslash;lven fra Ribe","article_publisher":"https:\/\/www.facebook.com\/Volven","article_modified_time":"2025-07-06T20:35:39+00:00","twitter_card":"summary_large_image","twitter_misc":{"Estimeret l\u00e6setid":"1 minut"},"schema":{"@context":"https:\/\/schema.org","@graph":[{"@type":"WebPage","@id":"https:\/\/volvekraft.dk\/index.php\/kommende-arrangementer\/","url":"https:\/\/volvekraft.dk\/index.php\/kommende-arrangementer\/","name":"Kommende arrangementer - V&oslash;lvekraft ved V&oslash;lven fra Ribe","isPartOf":{"@id":"https:\/\/volvekraft.dk\/#website"},"datePublished":"2025-06-10T07:38:16+00:00","dateModified":"2025-07-06T20:35:39+00:00","description":"Her er en liste over de steder jeg planl\u00e6gger at komme. Enten foredrag eller vikingemarkeder.","breadcrumb":{"@id":"https:\/\/volvekraft.dk\/index.php\/kommende-arrangementer\/#breadcrumb"},"inLanguage":"da-DK","potentialAction":[{"@type":"ReadAction","target":["https:\/\/volvekraft.dk\/index.php\/kommende-arrangementer\/"]}]},{"@type":"BreadcrumbList","@id":"https:\/\/volvekraft.dk\/index.php\/kommende-arrangementer\/#breadcrumb","itemListElement":[{"@type":"ListItem","position":1,"name":"Hjem","item":"https:\/\/volvekraft.dk\/"},{"@type":"ListItem","position":2,"name":"Kommende arrangementer"}]},{"@type":"WebSite","@id":"https:\/\/volvekraft.dk\/#website","url":"https:\/\/volvekraft.dk\/","name":"V\u00f8lvekraft ved V\u00f8lven fra Ribe","description":"ved V&oslash;lven fra Ribe","publisher":{"@id":"https:\/\/volvekraft.dk\/#\/schema\/person\/a0acfa008f3e61b723b262825173393d"},"potentialAction":[{"@type":"SearchAction","target":{"@type":"EntryPoint","urlTemplate":"https:\/\/volvekraft.dk\/?s={search_term_string}"},"query-input":{"@type":"PropertyValueSpecification","valueRequired":true,"valueName":"search_term_string"}}],"inLanguage":"da-DK"},{"@type":["Person","Organization"],"@id":"https:\/\/volvekraft.dk\/#\/schema\/person\/a0acfa008f3e61b723b262825173393d","name":"Gudrun","image":{"@type":"ImageObject","inLanguage":"da-DK","@id":"https:\/\/volvekraft.dk\/wp-content\/uploads\/2022\/01\/VoelvekraftLogoWithRagnaRunesFont-941x1024.jpg","url":"https:\/\/volvekraft.dk\/wp-content\/uploads\/2022\/01\/VoelvekraftLogoWithRagnaRunesFont-941x1024.jpg","contentUrl":"https:\/\/volvekraft.dk\/wp-content\/uploads\/2022\/01\/VoelvekraftLogoWithRagnaRunesFont-941x1024.jpg","width":941,"height":1024,"caption":"Gudrun"},"logo":{"@id":"https:\/\/volvekraft.dk\/wp-content\/uploads\/2022\/01\/VoelvekraftLogoWithRagnaRunesFont-941x1024.jpg"},"description":"F\u00f8dt i 1964, Og mod sin vilje d\u00f8bt Gudrun Gotved. Har v\u00e6ret asatroende og spirituel siden barnsben. Medstifter af \u201dForn Si\u00f0r, Asa-og Vanetrosamfundet i Danmark\u201d, medstifter af trossamfundet \u201dNordisk skik\u201d. Fungeret som ritualforretter (gode) i mere end 25 \u00e5r, er blevet kaldt v\u00f8lve i mere end 20 \u00e5r, har v\u00e6ret ansat som v\u00f8lve p\u00e5 Ribe Vikingecenter i over 15 \u00e5r og arbejdet med runernes visdom lige s\u00e5 l\u00e6nge. Er derfor kendt som \"V\u00f8lven fra Ribe\". Velbevandret i diverse norr\u00f8ne kildetekster, runekyndig, troldkyndig og urtekyndig, healer, foredragsholder, forfatter og debatt\u00f8r. Tilbyder livsvejledning ved hj\u00e6lp af runer. Forfatter til b\u00f8gerne \"Asatro, Nordisk spiritualitet\". \"V\u00f8lvekraft og Runekunst\", \"Nordisk Mytologisk Opslagsv\u00e6rk\", samt orakelkort s\u00e6ttet \"N\u00f8gler til Nordens Visdom.","sameAs":["http:\/\/volvekraft.dk","https:\/\/www.facebook.com\/Volven","https:\/\/www.instagram.com\/volven_fra_ribe\/","https:\/\/www.linkedin.com\/in\/gudrun-victoria-gotved-1085b46a\/","https:\/\/www.youtube.com\/channel\/UCx9zykLxs-b7i3Rkt8KQjkg"]}]}},"_links":{"self":[{"href":"https:\/\/volvekraft.dk\/index.php\/wp-json\/wp\/v2\/pages\/301","targetHints":{"allow":["GET"]}}],"collection":[{"href":"https:\/\/volvekraft.dk\/index.php\/wp-json\/wp\/v2\/pages"}],"about":[{"href":"https:\/\/volvekraft.dk\/index.php\/wp-json\/wp\/v2\/types\/page"}],"author":[{"embeddable":true,"href":"https:\/\/volvekraft.dk\/index.php\/wp-json\/wp\/v2\/users\/1"}],"replies":[{"embeddable":true,"href":"https:\/\/volvekraft.dk\/index.php\/wp-json\/wp\/v2\/comments?post=301"}],"version-history":[{"count":7,"href":"https:\/\/volvekraft.dk\/index.php\/wp-json\/wp\/v2\/pages\/301\/revisions"}],"predecessor-version":[{"id":531,"href":"https:\/\/volvekraft.dk\/index.php\/wp-json\/wp\/v2\/pages\/301\/revisions\/531"}],"wp:attachment":[{"href":"https:\/\/volvekraft.dk\/index.php\/wp-json\/wp\/v2\/media?parent=301"}],"curies":[{"name":"wp","href":"https:\/\/api.w.org\/{rel}","templated":true}]}}