{"id":205,"date":"2025-06-07T15:14:40","date_gmt":"2025-06-07T15:14:40","guid":{"rendered":"https:\/\/volvekraft.dk\/?page_id=205"},"modified":"2025-06-13T08:55:12","modified_gmt":"2025-06-13T08:55:12","slug":"livsvejledning-med-runer","status":"publish","type":"page","link":"https:\/\/volvekraft.dk\/index.php\/livsvejledning-med-runer\/","title":{"rendered":"Runel\u00e6sning"},"content":{"rendered":"\n<h1 class=\"wp-block-heading has-text-align-center\" style=\"font-size:84px\"><strong><em>Runer<\/em><\/strong><\/h1>\n\n\n\n<h2 class=\"wp-block-heading has-text-align-center has-large-font-size\"><strong><em>Jeg tilbyder livsvejledning ved hj\u00e6lp af runer<\/em><\/strong><\/h2>\n\n\n\n<p>For mange \u00e5r siden blev jeg trukket i runernes retning. Jeg havde besluttet at jeg ville g\u00e5 dybere ind i runernes kraft, og s\u00e5 m\u00f8dte jeg (tilf\u00e6ldigt) J\u00f3hanna Har\u00f0ard\u00f3ttir i Island, som pegede mig i den rigtige retning. <br>Som ansat p\u00e5 Ribe Vikingecenter havde jeg rig lejlighed til at \u00f8ve mig, til at lytte til det de hvisker. <\/p>\n\n\n\n<p>For runer hvisker, hvis man er i stand til at lytte. <br>Derfor har jeg i en del \u00e5r tilbudt r\u00e5dgivning og livsvejledning ved hj\u00e6lp af runerne. <\/p>\n\n\n\n<p>St\u00e5r du i en livskrise, eller synes du bare det kunne v\u00e6re sp\u00e6ndende at h\u00f8re, hvad runerne har at fort\u00e6lle dig lige her og nu, hvilke r\u00e5d de vil give dig, eller hvad du med fordel kan have fokus p\u00e5, s\u00e5 kan du m\u00e5ske have gavn af en l\u00e6sning. <\/p>\n\n\n\n<p>Du kan m\u00e5ske m\u00f8de mig p\u00e5 vikingemarkeder rundt omkring i landet og f\u00e5 en smagspr\u00f8ve, men skal vi i dybden foreg\u00e5r det bedst online. <br>Du kan kontakte mig enten p\u00e5 mail eller via min <a href=\"https:\/\/www.facebook.com\/Volven\">Facebook side<\/a> for at booke en session online. <br>Det tager ca. en halv time og prisen er 400 kr.<\/p>\n","protected":false},"excerpt":{"rendered":"<p>Runer Jeg tilbyder livsvejledning ved hj\u00e6lp af runer For mange \u00e5r siden blev jeg trukket i runernes retning. Jeg havde besluttet at jeg ville g\u00e5 dybere ind i runernes kraft, og s\u00e5 m\u00f8dte jeg (tilf\u00e6ldigt) J\u00f3hanna Har\u00f0ard\u00f3ttir i Island, som pegede mig i den rigtige retning. Som ansat p\u00e5 Ribe Vikingecenter havde jeg rig lejlighed [&hellip;]<\/p>\n","protected":false},"author":1,"featured_media":201,"parent":0,"menu_order":0,"comment_status":"closed","ping_status":"closed","template":"runer","meta":{"footnotes":""},"class_list":["post-205","page","type-page","status-publish","has-post-thumbnail","hentry"],"yoast_head":"<!-- This site is optimized with the Yoast SEO plugin v27.6 - https:\/\/yoast.com\/product\/yoast-seo-wordpress\/ -->\n<title>V\u00f8lvekraft, V\u00f8lven fra Ribe, Runer, livsvejledning, Gudrun Gotved.<\/title>\n<meta name=\"description\" content=\"Er du i krise, s\u00e5 kan runerne m\u00e5ske vise dig vejen. Book en runevejledning hos V\u00f8lven fra Ribe. Runer ved r\u00e5d.\" \/>\n<meta name=\"robots\" content=\"index, follow, max-snippet:-1, max-image-preview:large, max-video-preview:-1\" \/>\n<link rel=\"canonical\" href=\"https:\/\/volvekraft.dk\/index.php\/livsvejledning-med-runer\/\" \/>\n<meta property=\"og:locale\" content=\"da_DK\" \/>\n<meta property=\"og:type\" content=\"article\" \/>\n<meta property=\"og:title\" content=\"V\u00f8lvekraft, V\u00f8lven fra Ribe, Runer, livsvejledning, Gudrun Gotved.\" \/>\n<meta property=\"og:description\" content=\"Er du i krise, s\u00e5 kan runerne m\u00e5ske vise dig vejen. Book en runevejledning hos V\u00f8lven fra Ribe. Runer ved r\u00e5d.\" \/>\n<meta property=\"og:url\" content=\"https:\/\/volvekraft.dk\/index.php\/livsvejledning-med-runer\/\" \/>\n<meta property=\"og:site_name\" content=\"V&oslash;lvekraft ved V&oslash;lven fra Ribe\" \/>\n<meta property=\"article:publisher\" content=\"https:\/\/www.facebook.com\/Volven\" \/>\n<meta property=\"article:modified_time\" content=\"2025-06-13T08:55:12+00:00\" \/>\n<meta property=\"og:image\" content=\"https:\/\/volvekraft.dk\/wp-content\/uploads\/2025\/06\/11705139_1726493907579347_4497460460400068429_n.jpg\" \/>\n\t<meta property=\"og:image:width\" content=\"960\" \/>\n\t<meta property=\"og:image:height\" content=\"960\" \/>\n\t<meta property=\"og:image:type\" content=\"image\/jpeg\" \/>\n<meta name=\"twitter:card\" content=\"summary_large_image\" \/>\n<meta name=\"twitter:label1\" content=\"Estimeret l\u00e6setid\" \/>\n\t<meta name=\"twitter:data1\" content=\"2 minutter\" \/>\n<script type=\"application\/ld+json\" class=\"yoast-schema-graph\">{\"@context\":\"https:\\\/\\\/schema.org\",\"@graph\":[{\"@type\":\"WebPage\",\"@id\":\"https:\\\/\\\/volvekraft.dk\\\/index.php\\\/livsvejledning-med-runer\\\/\",\"url\":\"https:\\\/\\\/volvekraft.dk\\\/index.php\\\/livsvejledning-med-runer\\\/\",\"name\":\"V\u00f8lvekraft, V\u00f8lven fra Ribe, Runer, livsvejledning, Gudrun Gotved.\",\"isPartOf\":{\"@id\":\"https:\\\/\\\/volvekraft.dk\\\/#website\"},\"primaryImageOfPage\":{\"@id\":\"https:\\\/\\\/volvekraft.dk\\\/index.php\\\/livsvejledning-med-runer\\\/#primaryimage\"},\"image\":{\"@id\":\"https:\\\/\\\/volvekraft.dk\\\/index.php\\\/livsvejledning-med-runer\\\/#primaryimage\"},\"thumbnailUrl\":\"https:\\\/\\\/volvekraft.dk\\\/wp-content\\\/uploads\\\/2025\\\/06\\\/11705139_1726493907579347_4497460460400068429_n.jpg\",\"datePublished\":\"2025-06-07T15:14:40+00:00\",\"dateModified\":\"2025-06-13T08:55:12+00:00\",\"description\":\"Er du i krise, s\u00e5 kan runerne m\u00e5ske vise dig vejen. Book en runevejledning hos V\u00f8lven fra Ribe. Runer ved r\u00e5d.\",\"breadcrumb\":{\"@id\":\"https:\\\/\\\/volvekraft.dk\\\/index.php\\\/livsvejledning-med-runer\\\/#breadcrumb\"},\"inLanguage\":\"da-DK\",\"potentialAction\":[{\"@type\":\"ReadAction\",\"target\":[\"https:\\\/\\\/volvekraft.dk\\\/index.php\\\/livsvejledning-med-runer\\\/\"]}]},{\"@type\":\"ImageObject\",\"inLanguage\":\"da-DK\",\"@id\":\"https:\\\/\\\/volvekraft.dk\\\/index.php\\\/livsvejledning-med-runer\\\/#primaryimage\",\"url\":\"https:\\\/\\\/volvekraft.dk\\\/wp-content\\\/uploads\\\/2025\\\/06\\\/11705139_1726493907579347_4497460460400068429_n.jpg\",\"contentUrl\":\"https:\\\/\\\/volvekraft.dk\\\/wp-content\\\/uploads\\\/2025\\\/06\\\/11705139_1726493907579347_4497460460400068429_n.jpg\",\"width\":960,\"height\":960},{\"@type\":\"BreadcrumbList\",\"@id\":\"https:\\\/\\\/volvekraft.dk\\\/index.php\\\/livsvejledning-med-runer\\\/#breadcrumb\",\"itemListElement\":[{\"@type\":\"ListItem\",\"position\":1,\"name\":\"Hjem\",\"item\":\"https:\\\/\\\/volvekraft.dk\\\/\"},{\"@type\":\"ListItem\",\"position\":2,\"name\":\"Runel\u00e6sning\"}]},{\"@type\":\"WebSite\",\"@id\":\"https:\\\/\\\/volvekraft.dk\\\/#website\",\"url\":\"https:\\\/\\\/volvekraft.dk\\\/\",\"name\":\"V\u00f8lvekraft ved V\u00f8lven fra Ribe\",\"description\":\"ved V&oslash;lven fra Ribe\",\"publisher\":{\"@id\":\"https:\\\/\\\/volvekraft.dk\\\/#\\\/schema\\\/person\\\/a0acfa008f3e61b723b262825173393d\"},\"potentialAction\":[{\"@type\":\"SearchAction\",\"target\":{\"@type\":\"EntryPoint\",\"urlTemplate\":\"https:\\\/\\\/volvekraft.dk\\\/?s={search_term_string}\"},\"query-input\":{\"@type\":\"PropertyValueSpecification\",\"valueRequired\":true,\"valueName\":\"search_term_string\"}}],\"inLanguage\":\"da-DK\"},{\"@type\":[\"Person\",\"Organization\"],\"@id\":\"https:\\\/\\\/volvekraft.dk\\\/#\\\/schema\\\/person\\\/a0acfa008f3e61b723b262825173393d\",\"name\":\"Gudrun\",\"image\":{\"@type\":\"ImageObject\",\"inLanguage\":\"da-DK\",\"@id\":\"https:\\\/\\\/volvekraft.dk\\\/wp-content\\\/uploads\\\/2022\\\/01\\\/VoelvekraftLogoWithRagnaRunesFont-941x1024.jpg\",\"url\":\"https:\\\/\\\/volvekraft.dk\\\/wp-content\\\/uploads\\\/2022\\\/01\\\/VoelvekraftLogoWithRagnaRunesFont-941x1024.jpg\",\"contentUrl\":\"https:\\\/\\\/volvekraft.dk\\\/wp-content\\\/uploads\\\/2022\\\/01\\\/VoelvekraftLogoWithRagnaRunesFont-941x1024.jpg\",\"width\":941,\"height\":1024,\"caption\":\"Gudrun\"},\"logo\":{\"@id\":\"https:\\\/\\\/volvekraft.dk\\\/wp-content\\\/uploads\\\/2022\\\/01\\\/VoelvekraftLogoWithRagnaRunesFont-941x1024.jpg\"},\"description\":\"F\u00f8dt i 1964, Og mod sin vilje d\u00f8bt Gudrun Gotved. Har v\u00e6ret asatroende og spirituel siden barnsben. Medstifter af \u201dForn Si\u00f0r, Asa-og Vanetrosamfundet i Danmark\u201d, medstifter af trossamfundet \u201dNordisk skik\u201d. Fungeret som ritualforretter (gode) i mere end 25 \u00e5r, er blevet kaldt v\u00f8lve i mere end 20 \u00e5r, har v\u00e6ret ansat som v\u00f8lve p\u00e5 Ribe Vikingecenter i over 15 \u00e5r og arbejdet med runernes visdom lige s\u00e5 l\u00e6nge. Er derfor kendt som \\\"V\u00f8lven fra Ribe\\\". Velbevandret i diverse norr\u00f8ne kildetekster, runekyndig, troldkyndig og urtekyndig, healer, foredragsholder, forfatter og debatt\u00f8r. Tilbyder livsvejledning ved hj\u00e6lp af runer. Forfatter til b\u00f8gerne \\\"Asatro, Nordisk spiritualitet\\\". \\\"V\u00f8lvekraft og Runekunst\\\", \\\"Nordisk Mytologisk Opslagsv\u00e6rk\\\", samt orakelkort s\u00e6ttet \\\"N\u00f8gler til Nordens Visdom.\",\"sameAs\":[\"http:\\\/\\\/volvekraft.dk\",\"https:\\\/\\\/www.facebook.com\\\/Volven\",\"https:\\\/\\\/www.instagram.com\\\/volven_fra_ribe\\\/\",\"https:\\\/\\\/www.linkedin.com\\\/in\\\/gudrun-victoria-gotved-1085b46a\\\/\",\"https:\\\/\\\/www.youtube.com\\\/channel\\\/UCx9zykLxs-b7i3Rkt8KQjkg\"]}]}<\/script>\n<!-- \/ Yoast SEO plugin. -->","yoast_head_json":{"title":"V\u00f8lvekraft, V\u00f8lven fra Ribe, Runer, livsvejledning, Gudrun Gotved.","description":"Er du i krise, s\u00e5 kan runerne m\u00e5ske vise dig vejen. Book en runevejledning hos V\u00f8lven fra Ribe. Runer ved r\u00e5d.","robots":{"index":"index","follow":"follow","max-snippet":"max-snippet:-1","max-image-preview":"max-image-preview:large","max-video-preview":"max-video-preview:-1"},"canonical":"https:\/\/volvekraft.dk\/index.php\/livsvejledning-med-runer\/","og_locale":"da_DK","og_type":"article","og_title":"V\u00f8lvekraft, V\u00f8lven fra Ribe, Runer, livsvejledning, Gudrun Gotved.","og_description":"Er du i krise, s\u00e5 kan runerne m\u00e5ske vise dig vejen. Book en runevejledning hos V\u00f8lven fra Ribe. Runer ved r\u00e5d.","og_url":"https:\/\/volvekraft.dk\/index.php\/livsvejledning-med-runer\/","og_site_name":"V&oslash;lvekraft ved V&oslash;lven fra Ribe","article_publisher":"https:\/\/www.facebook.com\/Volven","article_modified_time":"2025-06-13T08:55:12+00:00","og_image":[{"width":960,"height":960,"url":"https:\/\/volvekraft.dk\/wp-content\/uploads\/2025\/06\/11705139_1726493907579347_4497460460400068429_n.jpg","type":"image\/jpeg"}],"twitter_card":"summary_large_image","twitter_misc":{"Estimeret l\u00e6setid":"2 minutter"},"schema":{"@context":"https:\/\/schema.org","@graph":[{"@type":"WebPage","@id":"https:\/\/volvekraft.dk\/index.php\/livsvejledning-med-runer\/","url":"https:\/\/volvekraft.dk\/index.php\/livsvejledning-med-runer\/","name":"V\u00f8lvekraft, V\u00f8lven fra Ribe, Runer, livsvejledning, Gudrun Gotved.","isPartOf":{"@id":"https:\/\/volvekraft.dk\/#website"},"primaryImageOfPage":{"@id":"https:\/\/volvekraft.dk\/index.php\/livsvejledning-med-runer\/#primaryimage"},"image":{"@id":"https:\/\/volvekraft.dk\/index.php\/livsvejledning-med-runer\/#primaryimage"},"thumbnailUrl":"https:\/\/volvekraft.dk\/wp-content\/uploads\/2025\/06\/11705139_1726493907579347_4497460460400068429_n.jpg","datePublished":"2025-06-07T15:14:40+00:00","dateModified":"2025-06-13T08:55:12+00:00","description":"Er du i krise, s\u00e5 kan runerne m\u00e5ske vise dig vejen. Book en runevejledning hos V\u00f8lven fra Ribe. Runer ved r\u00e5d.","breadcrumb":{"@id":"https:\/\/volvekraft.dk\/index.php\/livsvejledning-med-runer\/#breadcrumb"},"inLanguage":"da-DK","potentialAction":[{"@type":"ReadAction","target":["https:\/\/volvekraft.dk\/index.php\/livsvejledning-med-runer\/"]}]},{"@type":"ImageObject","inLanguage":"da-DK","@id":"https:\/\/volvekraft.dk\/index.php\/livsvejledning-med-runer\/#primaryimage","url":"https:\/\/volvekraft.dk\/wp-content\/uploads\/2025\/06\/11705139_1726493907579347_4497460460400068429_n.jpg","contentUrl":"https:\/\/volvekraft.dk\/wp-content\/uploads\/2025\/06\/11705139_1726493907579347_4497460460400068429_n.jpg","width":960,"height":960},{"@type":"BreadcrumbList","@id":"https:\/\/volvekraft.dk\/index.php\/livsvejledning-med-runer\/#breadcrumb","itemListElement":[{"@type":"ListItem","position":1,"name":"Hjem","item":"https:\/\/volvekraft.dk\/"},{"@type":"ListItem","position":2,"name":"Runel\u00e6sning"}]},{"@type":"WebSite","@id":"https:\/\/volvekraft.dk\/#website","url":"https:\/\/volvekraft.dk\/","name":"V\u00f8lvekraft ved V\u00f8lven fra Ribe","description":"ved V&oslash;lven fra Ribe","publisher":{"@id":"https:\/\/volvekraft.dk\/#\/schema\/person\/a0acfa008f3e61b723b262825173393d"},"potentialAction":[{"@type":"SearchAction","target":{"@type":"EntryPoint","urlTemplate":"https:\/\/volvekraft.dk\/?s={search_term_string}"},"query-input":{"@type":"PropertyValueSpecification","valueRequired":true,"valueName":"search_term_string"}}],"inLanguage":"da-DK"},{"@type":["Person","Organization"],"@id":"https:\/\/volvekraft.dk\/#\/schema\/person\/a0acfa008f3e61b723b262825173393d","name":"Gudrun","image":{"@type":"ImageObject","inLanguage":"da-DK","@id":"https:\/\/volvekraft.dk\/wp-content\/uploads\/2022\/01\/VoelvekraftLogoWithRagnaRunesFont-941x1024.jpg","url":"https:\/\/volvekraft.dk\/wp-content\/uploads\/2022\/01\/VoelvekraftLogoWithRagnaRunesFont-941x1024.jpg","contentUrl":"https:\/\/volvekraft.dk\/wp-content\/uploads\/2022\/01\/VoelvekraftLogoWithRagnaRunesFont-941x1024.jpg","width":941,"height":1024,"caption":"Gudrun"},"logo":{"@id":"https:\/\/volvekraft.dk\/wp-content\/uploads\/2022\/01\/VoelvekraftLogoWithRagnaRunesFont-941x1024.jpg"},"description":"F\u00f8dt i 1964, Og mod sin vilje d\u00f8bt Gudrun Gotved. Har v\u00e6ret asatroende og spirituel siden barnsben. Medstifter af \u201dForn Si\u00f0r, Asa-og Vanetrosamfundet i Danmark\u201d, medstifter af trossamfundet \u201dNordisk skik\u201d. Fungeret som ritualforretter (gode) i mere end 25 \u00e5r, er blevet kaldt v\u00f8lve i mere end 20 \u00e5r, har v\u00e6ret ansat som v\u00f8lve p\u00e5 Ribe Vikingecenter i over 15 \u00e5r og arbejdet med runernes visdom lige s\u00e5 l\u00e6nge. Er derfor kendt som \"V\u00f8lven fra Ribe\". Velbevandret i diverse norr\u00f8ne kildetekster, runekyndig, troldkyndig og urtekyndig, healer, foredragsholder, forfatter og debatt\u00f8r. Tilbyder livsvejledning ved hj\u00e6lp af runer. Forfatter til b\u00f8gerne \"Asatro, Nordisk spiritualitet\". \"V\u00f8lvekraft og Runekunst\", \"Nordisk Mytologisk Opslagsv\u00e6rk\", samt orakelkort s\u00e6ttet \"N\u00f8gler til Nordens Visdom.","sameAs":["http:\/\/volvekraft.dk","https:\/\/www.facebook.com\/Volven","https:\/\/www.instagram.com\/volven_fra_ribe\/","https:\/\/www.linkedin.com\/in\/gudrun-victoria-gotved-1085b46a\/","https:\/\/www.youtube.com\/channel\/UCx9zykLxs-b7i3Rkt8KQjkg"]}]}},"_links":{"self":[{"href":"https:\/\/volvekraft.dk\/index.php\/wp-json\/wp\/v2\/pages\/205","targetHints":{"allow":["GET"]}}],"collection":[{"href":"https:\/\/volvekraft.dk\/index.php\/wp-json\/wp\/v2\/pages"}],"about":[{"href":"https:\/\/volvekraft.dk\/index.php\/wp-json\/wp\/v2\/types\/page"}],"author":[{"embeddable":true,"href":"https:\/\/volvekraft.dk\/index.php\/wp-json\/wp\/v2\/users\/1"}],"replies":[{"embeddable":true,"href":"https:\/\/volvekraft.dk\/index.php\/wp-json\/wp\/v2\/comments?post=205"}],"version-history":[{"count":7,"href":"https:\/\/volvekraft.dk\/index.php\/wp-json\/wp\/v2\/pages\/205\/revisions"}],"predecessor-version":[{"id":436,"href":"https:\/\/volvekraft.dk\/index.php\/wp-json\/wp\/v2\/pages\/205\/revisions\/436"}],"wp:featuredmedia":[{"embeddable":true,"href":"https:\/\/volvekraft.dk\/index.php\/wp-json\/wp\/v2\/media\/201"}],"wp:attachment":[{"href":"https:\/\/volvekraft.dk\/index.php\/wp-json\/wp\/v2\/media?parent=205"}],"curies":[{"name":"wp","href":"https:\/\/api.w.org\/{rel}","templated":true}]}}