{"id":192,"date":"2025-06-07T14:47:56","date_gmt":"2025-06-07T14:47:56","guid":{"rendered":"https:\/\/volvekraft.dk\/?page_id=192"},"modified":"2025-07-06T20:48:04","modified_gmt":"2025-07-06T20:48:04","slug":"musik","status":"publish","type":"page","link":"https:\/\/volvekraft.dk\/index.php\/musik\/","title":{"rendered":"H\u00f8r mig aser"},"content":{"rendered":"\n<h2 class=\"wp-block-heading has-text-align-center\" style=\"font-size:84px\">H\u00f8r mig aser<\/h2>\n\n\n\n<figure class=\"wp-block-audio\"><audio controls src=\"https:\/\/volvekraft.dk\/wp-content\/uploads\/2025\/06\/01-Hoer-mig-aser.wav\"><\/audio><\/figure>\n\n\n\n<p>I 2005 udgav jeg sammen med S\u00f8ren Hammerlund (kendt fra bandet Virelai) en cd med ritualsange.<br>Dette mest til inspiration for at f\u00e5 flere til at synge ved ritualerne for de noediske guder. <br>Det er prim\u00e6rt mig selv der synger, dog er det Kamilla Prins der synger &#8220;Friggs b\u00f8n&#8221;<br>Find den her:<br> <a href=\"https:\/\/gotvedhammerlund.bandcamp.com\/album\/h-r-mig-aser-ritualsange\" data-type=\"link\" data-id=\"https:\/\/gotvedhammerlund.bandcamp.com\/album\/h-r-mig-aser-ritualsange\">https:\/\/gotvedhammerlund.bandcamp.com\/album\/h-r-mig-aser-ritualsange<\/a><\/p>\n\n\n\n<p><\/p>\n\n\n\n<p><\/p>\n\n\n\n<h2 class=\"wp-block-heading has-text-align-center\">Eddagal<\/h2>\n\n\n\n<p>Men det hele startede egentlig med Per Olsen og Eddagal. <br>Jeg m\u00f8dte Per f\u00f8rste gang sidst p\u00e5 vinteren 1996, hvor han stod p\u00e5 en bogmesse og solgte b\u00f8ger for &#8220;Det ukendtes boghandel&#8221;. Han fortalte mig om Vikingemilj\u00f8et og at der fandtes andre asatroende end mig og min far. <br>Efter hans anvisninger gik jeg &#8220;p\u00e5 jagt&#8221; og fandt begge dele. <br>Samme efter\u00e5r var der et vikingemarked ude p\u00e5 Helgoland p\u00e5 Amager.<\/p>\n\n\n\n<p>Der var jeg med som akt\u00f8r. Om aftenen var der et band der spillede; Eddagal, og det var s\u00e5 fedt. Det viste sig, at Per var en af hovedm\u00e6ndene bag bandet. Det var ham der havde skrevet alle melodierne til de Eddakvad der blev sunget.<br>Det var jeg n\u00f8dt til at v\u00e6re med i! <br>Det lykkedes mig at mase mig ind, men bandet var p\u00e5 det tidspunkt i en opl\u00f8sningsfase, s\u00e5 pludselig var vi &#8220;bare&#8221; Per, Jens Thorning og mig. <\/p>\n\n\n\n<p><br>Vi skulle jo \u00f8ve et eller andet sted, og da Per havde forbindelser endte det med, at vi kom til at \u00f8ve direkte live i &#8220;Radio Lotus&#8221;. Det er nok det s\u00e6reste jeg nogensinde har v\u00e6ret med til, men hvor var det fedt! <br>Heldigvis blev nogle af sangene optaget, og de kan h\u00f8res her. <br>Men jeg vil godt advare p\u00e5 forh\u00e5nd, det er ikke det hele der blev lige godt, men sjovt! DET var det!<\/p>\n\n\n\n<p>Alvism\u00e1l<\/p>\n\n\n\n<figure class=\"wp-block-audio\"><audio controls src=\"https:\/\/volvekraft.dk\/wp-content\/uploads\/2025\/07\/AlvisMahl_LiveRadio-6.mp3\"><\/audio><\/figure>\n\n\n\n<p>Gr\u00f3galdr<\/p>\n\n\n\n<figure class=\"wp-block-audio\"><audio controls src=\"https:\/\/volvekraft.dk\/wp-content\/uploads\/2025\/07\/GroasGalderLiveRadio-3.mp3\"><\/audio><\/figure>\n\n\n\n<p>H\u00e1vam\u00e1l<\/p>\n\n\n\n<figure class=\"wp-block-audio\"><audio controls src=\"https:\/\/volvekraft.dk\/wp-content\/uploads\/2025\/07\/HaviMahlSang-XI_LiveRadio-5.mp3\"><\/audio><\/figure>\n\n\n\n<p>Lokasenna 1,2 og 3<\/p>\n\n\n\n<figure class=\"wp-block-audio\"><audio controls src=\"https:\/\/volvekraft.dk\/wp-content\/uploads\/2025\/07\/LokaSana3_LiveRadio_1_10-1.mp3\"><\/audio><\/figure>\n\n\n\n<figure class=\"wp-block-audio\"><audio controls src=\"https:\/\/volvekraft.dk\/wp-content\/uploads\/2025\/07\/LokaSana2_LiveRadio11_46-1.mp3\"><\/audio><\/figure>\n\n\n\n<figure class=\"wp-block-audio\"><audio controls src=\"https:\/\/volvekraft.dk\/wp-content\/uploads\/2025\/07\/LokaSana1_LiveRadio_47_ud-1.mp3\"><\/audio><\/figure>\n\n\n\n<p>Vaf\u00der\u00fa\u00f0nism\u00e1l<\/p>\n\n\n\n<figure class=\"wp-block-audio\"><audio controls src=\"https:\/\/volvekraft.dk\/wp-content\/uploads\/2025\/07\/VaftrudnirsMalLiveRadio_43_55-1.mp3\"><\/audio><\/figure>\n\n\n\n<p>Vegtamskvi\u00f0a<\/p>\n\n\n\n<figure class=\"wp-block-audio\"><audio controls src=\"https:\/\/volvekraft.dk\/wp-content\/uploads\/2025\/07\/Vegtamskvadet-Sneglefart-1.mp3\"><\/audio><\/figure>\n\n\n\n<p>Per har lagt b\u00e5de noder og tekster ud p\u00e5 sin hjemmeside, og dem finder du <a href=\"https:\/\/www.societas-montis-solis.org\/e\/5_1\/5_1_sider\/eddagal_intro\/eddagal_intro_pages\/velkomsthilsen.htm\">her<\/a><\/p>\n","protected":false},"excerpt":{"rendered":"<p>H\u00f8r mig aser I 2005 udgav jeg sammen med S\u00f8ren Hammerlund (kendt fra bandet Virelai) en cd med ritualsange.Dette mest til inspiration for at f\u00e5 flere til at synge ved ritualerne for de noediske guder. Det er prim\u00e6rt mig selv der synger, dog er det Kamilla Prins der synger &#8220;Friggs b\u00f8n&#8221;Find den her: https:\/\/gotvedhammerlund.bandcamp.com\/album\/h-r-mig-aser-ritualsange Eddagal [&hellip;]<\/p>\n","protected":false},"author":1,"featured_media":186,"parent":0,"menu_order":0,"comment_status":"closed","ping_status":"closed","template":"horer-mig-aser","meta":{"footnotes":""},"class_list":["post-192","page","type-page","status-publish","has-post-thumbnail","hentry"],"yoast_head":"<!-- This site is optimized with the Yoast SEO plugin v27.6 - https:\/\/yoast.com\/product\/yoast-seo-wordpress\/ -->\n<title>Ritualsange, Nordisk mytologi, Asatro, Eddagal,<\/title>\n<meta name=\"description\" content=\"Om bandet Eddagal og en CD med ritualsange skabt af Gudrun Victoria Gotved, og S\u00f8ren Hammerlund. Bruges i asatro ritualer. En hyldest til Nordens Guder.\" \/>\n<meta name=\"robots\" content=\"index, follow, max-snippet:-1, max-image-preview:large, max-video-preview:-1\" \/>\n<link rel=\"canonical\" href=\"https:\/\/volvekraft.dk\/index.php\/musik\/\" \/>\n<meta property=\"og:locale\" content=\"da_DK\" \/>\n<meta property=\"og:type\" content=\"article\" \/>\n<meta property=\"og:title\" content=\"Ritualsange, Nordisk mytologi, Asatro, Eddagal,\" \/>\n<meta property=\"og:description\" content=\"Om bandet Eddagal og en CD med ritualsange skabt af Gudrun Victoria Gotved, og S\u00f8ren Hammerlund. Bruges i asatro ritualer. En hyldest til Nordens Guder.\" \/>\n<meta property=\"og:url\" content=\"https:\/\/volvekraft.dk\/index.php\/musik\/\" \/>\n<meta property=\"og:site_name\" content=\"V&oslash;lvekraft ved V&oslash;lven fra Ribe\" \/>\n<meta property=\"article:publisher\" content=\"https:\/\/www.facebook.com\/Volven\" \/>\n<meta property=\"article:modified_time\" content=\"2025-07-06T20:48:04+00:00\" \/>\n<meta property=\"og:image\" content=\"https:\/\/volvekraft.dk\/wp-content\/uploads\/2025\/06\/Cover1.jpg\" \/>\n\t<meta property=\"og:image:width\" content=\"1376\" \/>\n\t<meta property=\"og:image:height\" content=\"707\" \/>\n\t<meta property=\"og:image:type\" content=\"image\/jpeg\" \/>\n<meta name=\"twitter:card\" content=\"summary_large_image\" \/>\n<meta name=\"twitter:label1\" content=\"Estimeret l\u00e6setid\" \/>\n\t<meta name=\"twitter:data1\" content=\"2 minutter\" \/>\n<script type=\"application\/ld+json\" class=\"yoast-schema-graph\">{\"@context\":\"https:\\\/\\\/schema.org\",\"@graph\":[{\"@type\":\"WebPage\",\"@id\":\"https:\\\/\\\/volvekraft.dk\\\/index.php\\\/musik\\\/\",\"url\":\"https:\\\/\\\/volvekraft.dk\\\/index.php\\\/musik\\\/\",\"name\":\"Ritualsange, Nordisk mytologi, Asatro, Eddagal,\",\"isPartOf\":{\"@id\":\"https:\\\/\\\/volvekraft.dk\\\/#website\"},\"primaryImageOfPage\":{\"@id\":\"https:\\\/\\\/volvekraft.dk\\\/index.php\\\/musik\\\/#primaryimage\"},\"image\":{\"@id\":\"https:\\\/\\\/volvekraft.dk\\\/index.php\\\/musik\\\/#primaryimage\"},\"thumbnailUrl\":\"https:\\\/\\\/volvekraft.dk\\\/wp-content\\\/uploads\\\/2025\\\/06\\\/Cover1.jpg\",\"datePublished\":\"2025-06-07T14:47:56+00:00\",\"dateModified\":\"2025-07-06T20:48:04+00:00\",\"description\":\"Om bandet Eddagal og en CD med ritualsange skabt af Gudrun Victoria Gotved, og S\u00f8ren Hammerlund. Bruges i asatro ritualer. En hyldest til Nordens Guder.\",\"breadcrumb\":{\"@id\":\"https:\\\/\\\/volvekraft.dk\\\/index.php\\\/musik\\\/#breadcrumb\"},\"inLanguage\":\"da-DK\",\"potentialAction\":[{\"@type\":\"ReadAction\",\"target\":[\"https:\\\/\\\/volvekraft.dk\\\/index.php\\\/musik\\\/\"]}]},{\"@type\":\"ImageObject\",\"inLanguage\":\"da-DK\",\"@id\":\"https:\\\/\\\/volvekraft.dk\\\/index.php\\\/musik\\\/#primaryimage\",\"url\":\"https:\\\/\\\/volvekraft.dk\\\/wp-content\\\/uploads\\\/2025\\\/06\\\/Cover1.jpg\",\"contentUrl\":\"https:\\\/\\\/volvekraft.dk\\\/wp-content\\\/uploads\\\/2025\\\/06\\\/Cover1.jpg\",\"width\":1376,\"height\":707},{\"@type\":\"BreadcrumbList\",\"@id\":\"https:\\\/\\\/volvekraft.dk\\\/index.php\\\/musik\\\/#breadcrumb\",\"itemListElement\":[{\"@type\":\"ListItem\",\"position\":1,\"name\":\"Hjem\",\"item\":\"https:\\\/\\\/volvekraft.dk\\\/\"},{\"@type\":\"ListItem\",\"position\":2,\"name\":\"H\u00f8r mig aser\"}]},{\"@type\":\"WebSite\",\"@id\":\"https:\\\/\\\/volvekraft.dk\\\/#website\",\"url\":\"https:\\\/\\\/volvekraft.dk\\\/\",\"name\":\"V\u00f8lvekraft ved V\u00f8lven fra Ribe\",\"description\":\"ved V&oslash;lven fra Ribe\",\"publisher\":{\"@id\":\"https:\\\/\\\/volvekraft.dk\\\/#\\\/schema\\\/person\\\/a0acfa008f3e61b723b262825173393d\"},\"potentialAction\":[{\"@type\":\"SearchAction\",\"target\":{\"@type\":\"EntryPoint\",\"urlTemplate\":\"https:\\\/\\\/volvekraft.dk\\\/?s={search_term_string}\"},\"query-input\":{\"@type\":\"PropertyValueSpecification\",\"valueRequired\":true,\"valueName\":\"search_term_string\"}}],\"inLanguage\":\"da-DK\"},{\"@type\":[\"Person\",\"Organization\"],\"@id\":\"https:\\\/\\\/volvekraft.dk\\\/#\\\/schema\\\/person\\\/a0acfa008f3e61b723b262825173393d\",\"name\":\"Gudrun\",\"image\":{\"@type\":\"ImageObject\",\"inLanguage\":\"da-DK\",\"@id\":\"https:\\\/\\\/volvekraft.dk\\\/wp-content\\\/uploads\\\/2022\\\/01\\\/VoelvekraftLogoWithRagnaRunesFont-941x1024.jpg\",\"url\":\"https:\\\/\\\/volvekraft.dk\\\/wp-content\\\/uploads\\\/2022\\\/01\\\/VoelvekraftLogoWithRagnaRunesFont-941x1024.jpg\",\"contentUrl\":\"https:\\\/\\\/volvekraft.dk\\\/wp-content\\\/uploads\\\/2022\\\/01\\\/VoelvekraftLogoWithRagnaRunesFont-941x1024.jpg\",\"width\":941,\"height\":1024,\"caption\":\"Gudrun\"},\"logo\":{\"@id\":\"https:\\\/\\\/volvekraft.dk\\\/wp-content\\\/uploads\\\/2022\\\/01\\\/VoelvekraftLogoWithRagnaRunesFont-941x1024.jpg\"},\"description\":\"F\u00f8dt i 1964, Og mod sin vilje d\u00f8bt Gudrun Gotved. Har v\u00e6ret asatroende og spirituel siden barnsben. Medstifter af \u201dForn Si\u00f0r, Asa-og Vanetrosamfundet i Danmark\u201d, medstifter af trossamfundet \u201dNordisk skik\u201d. Fungeret som ritualforretter (gode) i mere end 25 \u00e5r, er blevet kaldt v\u00f8lve i mere end 20 \u00e5r, har v\u00e6ret ansat som v\u00f8lve p\u00e5 Ribe Vikingecenter i over 15 \u00e5r og arbejdet med runernes visdom lige s\u00e5 l\u00e6nge. Er derfor kendt som \\\"V\u00f8lven fra Ribe\\\". Velbevandret i diverse norr\u00f8ne kildetekster, runekyndig, troldkyndig og urtekyndig, healer, foredragsholder, forfatter og debatt\u00f8r. Tilbyder livsvejledning ved hj\u00e6lp af runer. Forfatter til b\u00f8gerne \\\"Asatro, Nordisk spiritualitet\\\". \\\"V\u00f8lvekraft og Runekunst\\\", \\\"Nordisk Mytologisk Opslagsv\u00e6rk\\\", samt orakelkort s\u00e6ttet \\\"N\u00f8gler til Nordens Visdom.\",\"sameAs\":[\"http:\\\/\\\/volvekraft.dk\",\"https:\\\/\\\/www.facebook.com\\\/Volven\",\"https:\\\/\\\/www.instagram.com\\\/volven_fra_ribe\\\/\",\"https:\\\/\\\/www.linkedin.com\\\/in\\\/gudrun-victoria-gotved-1085b46a\\\/\",\"https:\\\/\\\/www.youtube.com\\\/channel\\\/UCx9zykLxs-b7i3Rkt8KQjkg\"]}]}<\/script>\n<!-- \/ Yoast SEO plugin. -->","yoast_head_json":{"title":"Ritualsange, Nordisk mytologi, Asatro, Eddagal,","description":"Om bandet Eddagal og en CD med ritualsange skabt af Gudrun Victoria Gotved, og S\u00f8ren Hammerlund. Bruges i asatro ritualer. En hyldest til Nordens Guder.","robots":{"index":"index","follow":"follow","max-snippet":"max-snippet:-1","max-image-preview":"max-image-preview:large","max-video-preview":"max-video-preview:-1"},"canonical":"https:\/\/volvekraft.dk\/index.php\/musik\/","og_locale":"da_DK","og_type":"article","og_title":"Ritualsange, Nordisk mytologi, Asatro, Eddagal,","og_description":"Om bandet Eddagal og en CD med ritualsange skabt af Gudrun Victoria Gotved, og S\u00f8ren Hammerlund. Bruges i asatro ritualer. En hyldest til Nordens Guder.","og_url":"https:\/\/volvekraft.dk\/index.php\/musik\/","og_site_name":"V&oslash;lvekraft ved V&oslash;lven fra Ribe","article_publisher":"https:\/\/www.facebook.com\/Volven","article_modified_time":"2025-07-06T20:48:04+00:00","og_image":[{"width":1376,"height":707,"url":"https:\/\/volvekraft.dk\/wp-content\/uploads\/2025\/06\/Cover1.jpg","type":"image\/jpeg"}],"twitter_card":"summary_large_image","twitter_misc":{"Estimeret l\u00e6setid":"2 minutter"},"schema":{"@context":"https:\/\/schema.org","@graph":[{"@type":"WebPage","@id":"https:\/\/volvekraft.dk\/index.php\/musik\/","url":"https:\/\/volvekraft.dk\/index.php\/musik\/","name":"Ritualsange, Nordisk mytologi, Asatro, Eddagal,","isPartOf":{"@id":"https:\/\/volvekraft.dk\/#website"},"primaryImageOfPage":{"@id":"https:\/\/volvekraft.dk\/index.php\/musik\/#primaryimage"},"image":{"@id":"https:\/\/volvekraft.dk\/index.php\/musik\/#primaryimage"},"thumbnailUrl":"https:\/\/volvekraft.dk\/wp-content\/uploads\/2025\/06\/Cover1.jpg","datePublished":"2025-06-07T14:47:56+00:00","dateModified":"2025-07-06T20:48:04+00:00","description":"Om bandet Eddagal og en CD med ritualsange skabt af Gudrun Victoria Gotved, og S\u00f8ren Hammerlund. Bruges i asatro ritualer. En hyldest til Nordens Guder.","breadcrumb":{"@id":"https:\/\/volvekraft.dk\/index.php\/musik\/#breadcrumb"},"inLanguage":"da-DK","potentialAction":[{"@type":"ReadAction","target":["https:\/\/volvekraft.dk\/index.php\/musik\/"]}]},{"@type":"ImageObject","inLanguage":"da-DK","@id":"https:\/\/volvekraft.dk\/index.php\/musik\/#primaryimage","url":"https:\/\/volvekraft.dk\/wp-content\/uploads\/2025\/06\/Cover1.jpg","contentUrl":"https:\/\/volvekraft.dk\/wp-content\/uploads\/2025\/06\/Cover1.jpg","width":1376,"height":707},{"@type":"BreadcrumbList","@id":"https:\/\/volvekraft.dk\/index.php\/musik\/#breadcrumb","itemListElement":[{"@type":"ListItem","position":1,"name":"Hjem","item":"https:\/\/volvekraft.dk\/"},{"@type":"ListItem","position":2,"name":"H\u00f8r mig aser"}]},{"@type":"WebSite","@id":"https:\/\/volvekraft.dk\/#website","url":"https:\/\/volvekraft.dk\/","name":"V\u00f8lvekraft ved V\u00f8lven fra Ribe","description":"ved V&oslash;lven fra Ribe","publisher":{"@id":"https:\/\/volvekraft.dk\/#\/schema\/person\/a0acfa008f3e61b723b262825173393d"},"potentialAction":[{"@type":"SearchAction","target":{"@type":"EntryPoint","urlTemplate":"https:\/\/volvekraft.dk\/?s={search_term_string}"},"query-input":{"@type":"PropertyValueSpecification","valueRequired":true,"valueName":"search_term_string"}}],"inLanguage":"da-DK"},{"@type":["Person","Organization"],"@id":"https:\/\/volvekraft.dk\/#\/schema\/person\/a0acfa008f3e61b723b262825173393d","name":"Gudrun","image":{"@type":"ImageObject","inLanguage":"da-DK","@id":"https:\/\/volvekraft.dk\/wp-content\/uploads\/2022\/01\/VoelvekraftLogoWithRagnaRunesFont-941x1024.jpg","url":"https:\/\/volvekraft.dk\/wp-content\/uploads\/2022\/01\/VoelvekraftLogoWithRagnaRunesFont-941x1024.jpg","contentUrl":"https:\/\/volvekraft.dk\/wp-content\/uploads\/2022\/01\/VoelvekraftLogoWithRagnaRunesFont-941x1024.jpg","width":941,"height":1024,"caption":"Gudrun"},"logo":{"@id":"https:\/\/volvekraft.dk\/wp-content\/uploads\/2022\/01\/VoelvekraftLogoWithRagnaRunesFont-941x1024.jpg"},"description":"F\u00f8dt i 1964, Og mod sin vilje d\u00f8bt Gudrun Gotved. Har v\u00e6ret asatroende og spirituel siden barnsben. Medstifter af \u201dForn Si\u00f0r, Asa-og Vanetrosamfundet i Danmark\u201d, medstifter af trossamfundet \u201dNordisk skik\u201d. Fungeret som ritualforretter (gode) i mere end 25 \u00e5r, er blevet kaldt v\u00f8lve i mere end 20 \u00e5r, har v\u00e6ret ansat som v\u00f8lve p\u00e5 Ribe Vikingecenter i over 15 \u00e5r og arbejdet med runernes visdom lige s\u00e5 l\u00e6nge. Er derfor kendt som \"V\u00f8lven fra Ribe\". Velbevandret i diverse norr\u00f8ne kildetekster, runekyndig, troldkyndig og urtekyndig, healer, foredragsholder, forfatter og debatt\u00f8r. Tilbyder livsvejledning ved hj\u00e6lp af runer. Forfatter til b\u00f8gerne \"Asatro, Nordisk spiritualitet\". \"V\u00f8lvekraft og Runekunst\", \"Nordisk Mytologisk Opslagsv\u00e6rk\", samt orakelkort s\u00e6ttet \"N\u00f8gler til Nordens Visdom.","sameAs":["http:\/\/volvekraft.dk","https:\/\/www.facebook.com\/Volven","https:\/\/www.instagram.com\/volven_fra_ribe\/","https:\/\/www.linkedin.com\/in\/gudrun-victoria-gotved-1085b46a\/","https:\/\/www.youtube.com\/channel\/UCx9zykLxs-b7i3Rkt8KQjkg"]}]}},"_links":{"self":[{"href":"https:\/\/volvekraft.dk\/index.php\/wp-json\/wp\/v2\/pages\/192","targetHints":{"allow":["GET"]}}],"collection":[{"href":"https:\/\/volvekraft.dk\/index.php\/wp-json\/wp\/v2\/pages"}],"about":[{"href":"https:\/\/volvekraft.dk\/index.php\/wp-json\/wp\/v2\/types\/page"}],"author":[{"embeddable":true,"href":"https:\/\/volvekraft.dk\/index.php\/wp-json\/wp\/v2\/users\/1"}],"replies":[{"embeddable":true,"href":"https:\/\/volvekraft.dk\/index.php\/wp-json\/wp\/v2\/comments?post=192"}],"version-history":[{"count":8,"href":"https:\/\/volvekraft.dk\/index.php\/wp-json\/wp\/v2\/pages\/192\/revisions"}],"predecessor-version":[{"id":530,"href":"https:\/\/volvekraft.dk\/index.php\/wp-json\/wp\/v2\/pages\/192\/revisions\/530"}],"wp:featuredmedia":[{"embeddable":true,"href":"https:\/\/volvekraft.dk\/index.php\/wp-json\/wp\/v2\/media\/186"}],"wp:attachment":[{"href":"https:\/\/volvekraft.dk\/index.php\/wp-json\/wp\/v2\/media?parent=192"}],"curies":[{"name":"wp","href":"https:\/\/api.w.org\/{rel}","templated":true}]}}