{"id":114,"date":"2025-06-07T10:04:57","date_gmt":"2025-06-07T10:04:57","guid":{"rendered":"https:\/\/volvekraft.dk\/?page_id=114"},"modified":"2025-07-06T20:35:59","modified_gmt":"2025-07-06T20:35:59","slug":"velkommen-til-voelvekraft-et-kig-ind-i-voelvens-univers","status":"publish","type":"page","link":"https:\/\/volvekraft.dk\/","title":{"rendered":"Velkommen"},"content":{"rendered":"\n<h2 class=\"wp-block-heading has-text-align-center\" style=\"font-size:61px\"><strong>Velkommen til V\u00f8lvekraft<\/strong><\/h2>\n\n\n\n<h2 class=\"wp-block-heading has-text-align-center has-text-color has-link-color wp-elements-ac338d0959e2890a0cfa651ef8812936\" style=\"color:#1a5c23;font-size:40px;font-style:normal;font-weight:700\"><em>Tr\u00e6d indenfor i V\u00f8lvens univers <\/em><\/h2>\n\n\n\n<p class=\"has-text-color has-link-color wp-elements-ae1b5ea2afaf70df70bd00ee5359de5c\" style=\"color:#1a5c23\"><a href=\"https:\/\/volvekraft.dk\/index.php\/om-voelven\/\">Her kan du blive klogere p\u00e5, hvem og hv<\/a><a data-type=\"page\" data-id=\"87\" href=\"https:\/\/volvekraft.dk\/index.php\/velkommen-2\/\">ad V\u00f8lven er.<\/a><\/p>\n\n\n\n<p class=\"has-text-color has-link-color wp-elements-832043585c83aa4faa145b1943b6f8f3\" style=\"color:#1a5c23\">Du kan ogs\u00e5 se hvad jeg tilbyder:<\/p>\n\n\n\n<ul class=\"wp-block-list\">\n<li class=\"has-text-color has-link-color wp-elements-07476de32ee8118cee7df6de35291977\" style=\"color:#1a5c23\"><a href=\"https:\/\/volvekraft.dk\/index.php\/livsvejledning-med-runer\/\">Runel\u00e6sning<\/a><\/li>\n\n\n\n<li class=\"has-text-color has-link-color wp-elements-2d14024471a0ff8e713f84e9d49d0d73\" style=\"color:#1a5c23\"><a href=\"https:\/\/volvekraft.dk\/index.php\/foredrag-og-andre-ydelser-fra-voelvekraft\/\">Foredrag<\/a><\/li>\n\n\n\n<li class=\"has-text-color has-link-color wp-elements-4f18966ecdbe36c03dff512217bdfb4a\" style=\"color:#1a5c23\"><a href=\"https:\/\/volvekraft.dk\/index.php\/foredrag-og-andre-ydelser-fra-voelvekraft\/\">Workshops<\/a><\/li>\n<\/ul>\n\n\n\n<p class=\"has-text-color has-link-color wp-elements-d47f9b513ac817fe0c89eaf08d67a967\" style=\"color:#1a5c23\"><a href=\"https:\/\/volvekraft.dk\/index.php\/boeger-om-asatro-nordisk-mytologi-og-voelver\/\">Jeg vil ogs\u00e5 vise dig, noget af det jeg har skabt igennem \u00e5rene.<\/a><\/p>\n\n\n\n<p>I l\u00f8bet af \u00e5ret deltager jeg i forskellige arrangementer rundt omkring. Det kan v\u00e6re vikingemarkeder eller ogs\u00e5 bliver jeg hyret til foredrag der er \u00e5bne for tilmeldinger. Dem vil jeg fors\u00f8ge at l\u00e6gge ind <a href=\"https:\/\/volvekraft.dk\/index.php\/kommende-arrangementer\/\">her.<\/a> <\/p>\n\n\n\n<p class=\"has-text-color has-link-color wp-elements-86e4fc57553c1d949bd1cd0a1d84ec9f\" style=\"color:#1a5c23\"><a href=\"https:\/\/volvekraft.dk\/index.php\/referencer\/\">Du kan ogs\u00e5 se, hvilke referencer jeg har, og hvad folk siger.<\/a><\/p>\n\n\n\n<p><em>Kom, sl\u00e5 dig ned og drik af Mimers br\u00f8nd.<\/em><\/p>\n","protected":false},"excerpt":{"rendered":"<p>Velkommen til V\u00f8lvekraft Tr\u00e6d indenfor i V\u00f8lvens univers Her kan du blive klogere p\u00e5, hvem og hvad V\u00f8lven er. Du kan ogs\u00e5 se hvad jeg tilbyder: Jeg vil ogs\u00e5 vise dig, noget af det jeg har skabt igennem \u00e5rene. I l\u00f8bet af \u00e5ret deltager jeg i forskellige arrangementer rundt omkring. Det kan v\u00e6re vikingemarkeder eller [&hellip;]<\/p>\n","protected":false},"author":1,"featured_media":0,"parent":0,"menu_order":0,"comment_status":"closed","ping_status":"closed","template":"","meta":{"footnotes":""},"class_list":["post-114","page","type-page","status-publish","hentry"],"yoast_head":"<!-- This site is optimized with the Yoast SEO plugin v27.6 - https:\/\/yoast.com\/product\/yoast-seo-wordpress\/ -->\n<title>V\u00f8lven fra Ribe, om Asatro, Nordisk mytologi, Runer og Foredrag.<\/title>\n<meta name=\"description\" content=\"V\u00f8lvekraft er en side der fort\u00e6ller om V\u00f8lven, om asatro, om runer, om magisk sang og helbredende urter. Skabt af Gudrun Victoria Gotved, kendt som V\u00f8lven fra Ribe, forfatter til flere b\u00f8ger om Nordisk mytologi, asatro og v\u00f8lver. Ogs\u00e5 forfatter til orakelkorts\u00e6tter &quot;N\u00f8gler til Nordens Visdom&quot;. Kom, sl\u00e5 dig ned og drik af Mimers br\u00f8nd.\" \/>\n<meta name=\"robots\" content=\"index, follow, max-snippet:-1, max-image-preview:large, max-video-preview:-1\" \/>\n<link rel=\"canonical\" href=\"https:\/\/volvekraft.dk\/\" \/>\n<meta property=\"og:locale\" content=\"da_DK\" \/>\n<meta property=\"og:type\" content=\"article\" \/>\n<meta property=\"og:title\" content=\"V\u00f8lven fra Ribe, om Asatro, Nordisk mytologi, Runer og Foredrag.\" \/>\n<meta property=\"og:description\" content=\"V\u00f8lvekraft er en side der fort\u00e6ller om V\u00f8lven, om asatro, om runer, om magisk sang og helbredende urter. Skabt af Gudrun Victoria Gotved, kendt som V\u00f8lven fra Ribe, forfatter til flere b\u00f8ger om Nordisk mytologi, asatro og v\u00f8lver. Ogs\u00e5 forfatter til orakelkorts\u00e6tter &quot;N\u00f8gler til Nordens Visdom&quot;. Kom, sl\u00e5 dig ned og drik af Mimers br\u00f8nd.\" \/>\n<meta property=\"og:url\" content=\"https:\/\/volvekraft.dk\/\" \/>\n<meta property=\"og:site_name\" content=\"V&oslash;lvekraft ved V&oslash;lven fra Ribe\" \/>\n<meta property=\"article:publisher\" content=\"https:\/\/www.facebook.com\/Volven\" \/>\n<meta property=\"article:modified_time\" content=\"2025-07-06T20:35:59+00:00\" \/>\n<meta name=\"twitter:card\" content=\"summary_large_image\" \/>\n<meta name=\"twitter:label1\" content=\"Estimeret l\u00e6setid\" \/>\n\t<meta name=\"twitter:data1\" content=\"1 minut\" \/>\n<script type=\"application\/ld+json\" class=\"yoast-schema-graph\">{\"@context\":\"https:\\\/\\\/schema.org\",\"@graph\":[{\"@type\":\"WebPage\",\"@id\":\"https:\\\/\\\/volvekraft.dk\\\/\",\"url\":\"https:\\\/\\\/volvekraft.dk\\\/\",\"name\":\"V\u00f8lven fra Ribe, om Asatro, Nordisk mytologi, Runer og Foredrag.\",\"isPartOf\":{\"@id\":\"https:\\\/\\\/volvekraft.dk\\\/#website\"},\"datePublished\":\"2025-06-07T10:04:57+00:00\",\"dateModified\":\"2025-07-06T20:35:59+00:00\",\"description\":\"V\u00f8lvekraft er en side der fort\u00e6ller om V\u00f8lven, om asatro, om runer, om magisk sang og helbredende urter. Skabt af Gudrun Victoria Gotved, kendt som V\u00f8lven fra Ribe, forfatter til flere b\u00f8ger om Nordisk mytologi, asatro og v\u00f8lver. Ogs\u00e5 forfatter til orakelkorts\u00e6tter \\\"N\u00f8gler til Nordens Visdom\\\". Kom, sl\u00e5 dig ned og drik af Mimers br\u00f8nd.\",\"breadcrumb\":{\"@id\":\"https:\\\/\\\/volvekraft.dk\\\/#breadcrumb\"},\"inLanguage\":\"da-DK\",\"potentialAction\":[{\"@type\":\"ReadAction\",\"target\":[\"https:\\\/\\\/volvekraft.dk\\\/\"]}]},{\"@type\":\"BreadcrumbList\",\"@id\":\"https:\\\/\\\/volvekraft.dk\\\/#breadcrumb\",\"itemListElement\":[{\"@type\":\"ListItem\",\"position\":1,\"name\":\"Hjem\",\"item\":\"https:\\\/\\\/volvekraft.dk\\\/\"},{\"@type\":\"ListItem\",\"position\":2,\"name\":\"Velkommen\"}]},{\"@type\":\"WebSite\",\"@id\":\"https:\\\/\\\/volvekraft.dk\\\/#website\",\"url\":\"https:\\\/\\\/volvekraft.dk\\\/\",\"name\":\"V\u00f8lvekraft ved V\u00f8lven fra Ribe\",\"description\":\"ved V&oslash;lven fra Ribe\",\"publisher\":{\"@id\":\"https:\\\/\\\/volvekraft.dk\\\/#\\\/schema\\\/person\\\/a0acfa008f3e61b723b262825173393d\"},\"potentialAction\":[{\"@type\":\"SearchAction\",\"target\":{\"@type\":\"EntryPoint\",\"urlTemplate\":\"https:\\\/\\\/volvekraft.dk\\\/?s={search_term_string}\"},\"query-input\":{\"@type\":\"PropertyValueSpecification\",\"valueRequired\":true,\"valueName\":\"search_term_string\"}}],\"inLanguage\":\"da-DK\"},{\"@type\":[\"Person\",\"Organization\"],\"@id\":\"https:\\\/\\\/volvekraft.dk\\\/#\\\/schema\\\/person\\\/a0acfa008f3e61b723b262825173393d\",\"name\":\"Gudrun\",\"image\":{\"@type\":\"ImageObject\",\"inLanguage\":\"da-DK\",\"@id\":\"https:\\\/\\\/volvekraft.dk\\\/wp-content\\\/uploads\\\/2022\\\/01\\\/VoelvekraftLogoWithRagnaRunesFont-941x1024.jpg\",\"url\":\"https:\\\/\\\/volvekraft.dk\\\/wp-content\\\/uploads\\\/2022\\\/01\\\/VoelvekraftLogoWithRagnaRunesFont-941x1024.jpg\",\"contentUrl\":\"https:\\\/\\\/volvekraft.dk\\\/wp-content\\\/uploads\\\/2022\\\/01\\\/VoelvekraftLogoWithRagnaRunesFont-941x1024.jpg\",\"width\":941,\"height\":1024,\"caption\":\"Gudrun\"},\"logo\":{\"@id\":\"https:\\\/\\\/volvekraft.dk\\\/wp-content\\\/uploads\\\/2022\\\/01\\\/VoelvekraftLogoWithRagnaRunesFont-941x1024.jpg\"},\"description\":\"F\u00f8dt i 1964, Og mod sin vilje d\u00f8bt Gudrun Gotved. Har v\u00e6ret asatroende og spirituel siden barnsben. Medstifter af \u201dForn Si\u00f0r, Asa-og Vanetrosamfundet i Danmark\u201d, medstifter af trossamfundet \u201dNordisk skik\u201d. Fungeret som ritualforretter (gode) i mere end 25 \u00e5r, er blevet kaldt v\u00f8lve i mere end 20 \u00e5r, har v\u00e6ret ansat som v\u00f8lve p\u00e5 Ribe Vikingecenter i over 15 \u00e5r og arbejdet med runernes visdom lige s\u00e5 l\u00e6nge. Er derfor kendt som \\\"V\u00f8lven fra Ribe\\\". Velbevandret i diverse norr\u00f8ne kildetekster, runekyndig, troldkyndig og urtekyndig, healer, foredragsholder, forfatter og debatt\u00f8r. Tilbyder livsvejledning ved hj\u00e6lp af runer. Forfatter til b\u00f8gerne \\\"Asatro, Nordisk spiritualitet\\\". \\\"V\u00f8lvekraft og Runekunst\\\", \\\"Nordisk Mytologisk Opslagsv\u00e6rk\\\", samt orakelkort s\u00e6ttet \\\"N\u00f8gler til Nordens Visdom.\",\"sameAs\":[\"http:\\\/\\\/volvekraft.dk\",\"https:\\\/\\\/www.facebook.com\\\/Volven\",\"https:\\\/\\\/www.instagram.com\\\/volven_fra_ribe\\\/\",\"https:\\\/\\\/www.linkedin.com\\\/in\\\/gudrun-victoria-gotved-1085b46a\\\/\",\"https:\\\/\\\/www.youtube.com\\\/channel\\\/UCx9zykLxs-b7i3Rkt8KQjkg\"]}]}<\/script>\n<!-- \/ Yoast SEO plugin. -->","yoast_head_json":{"title":"V\u00f8lven fra Ribe, om Asatro, Nordisk mytologi, Runer og Foredrag.","description":"V\u00f8lvekraft er en side der fort\u00e6ller om V\u00f8lven, om asatro, om runer, om magisk sang og helbredende urter. Skabt af Gudrun Victoria Gotved, kendt som V\u00f8lven fra Ribe, forfatter til flere b\u00f8ger om Nordisk mytologi, asatro og v\u00f8lver. Ogs\u00e5 forfatter til orakelkorts\u00e6tter \"N\u00f8gler til Nordens Visdom\". Kom, sl\u00e5 dig ned og drik af Mimers br\u00f8nd.","robots":{"index":"index","follow":"follow","max-snippet":"max-snippet:-1","max-image-preview":"max-image-preview:large","max-video-preview":"max-video-preview:-1"},"canonical":"https:\/\/volvekraft.dk\/","og_locale":"da_DK","og_type":"article","og_title":"V\u00f8lven fra Ribe, om Asatro, Nordisk mytologi, Runer og Foredrag.","og_description":"V\u00f8lvekraft er en side der fort\u00e6ller om V\u00f8lven, om asatro, om runer, om magisk sang og helbredende urter. Skabt af Gudrun Victoria Gotved, kendt som V\u00f8lven fra Ribe, forfatter til flere b\u00f8ger om Nordisk mytologi, asatro og v\u00f8lver. Ogs\u00e5 forfatter til orakelkorts\u00e6tter \"N\u00f8gler til Nordens Visdom\". Kom, sl\u00e5 dig ned og drik af Mimers br\u00f8nd.","og_url":"https:\/\/volvekraft.dk\/","og_site_name":"V&oslash;lvekraft ved V&oslash;lven fra Ribe","article_publisher":"https:\/\/www.facebook.com\/Volven","article_modified_time":"2025-07-06T20:35:59+00:00","twitter_card":"summary_large_image","twitter_misc":{"Estimeret l\u00e6setid":"1 minut"},"schema":{"@context":"https:\/\/schema.org","@graph":[{"@type":"WebPage","@id":"https:\/\/volvekraft.dk\/","url":"https:\/\/volvekraft.dk\/","name":"V\u00f8lven fra Ribe, om Asatro, Nordisk mytologi, Runer og Foredrag.","isPartOf":{"@id":"https:\/\/volvekraft.dk\/#website"},"datePublished":"2025-06-07T10:04:57+00:00","dateModified":"2025-07-06T20:35:59+00:00","description":"V\u00f8lvekraft er en side der fort\u00e6ller om V\u00f8lven, om asatro, om runer, om magisk sang og helbredende urter. Skabt af Gudrun Victoria Gotved, kendt som V\u00f8lven fra Ribe, forfatter til flere b\u00f8ger om Nordisk mytologi, asatro og v\u00f8lver. Ogs\u00e5 forfatter til orakelkorts\u00e6tter \"N\u00f8gler til Nordens Visdom\". Kom, sl\u00e5 dig ned og drik af Mimers br\u00f8nd.","breadcrumb":{"@id":"https:\/\/volvekraft.dk\/#breadcrumb"},"inLanguage":"da-DK","potentialAction":[{"@type":"ReadAction","target":["https:\/\/volvekraft.dk\/"]}]},{"@type":"BreadcrumbList","@id":"https:\/\/volvekraft.dk\/#breadcrumb","itemListElement":[{"@type":"ListItem","position":1,"name":"Hjem","item":"https:\/\/volvekraft.dk\/"},{"@type":"ListItem","position":2,"name":"Velkommen"}]},{"@type":"WebSite","@id":"https:\/\/volvekraft.dk\/#website","url":"https:\/\/volvekraft.dk\/","name":"V\u00f8lvekraft ved V\u00f8lven fra Ribe","description":"ved V&oslash;lven fra Ribe","publisher":{"@id":"https:\/\/volvekraft.dk\/#\/schema\/person\/a0acfa008f3e61b723b262825173393d"},"potentialAction":[{"@type":"SearchAction","target":{"@type":"EntryPoint","urlTemplate":"https:\/\/volvekraft.dk\/?s={search_term_string}"},"query-input":{"@type":"PropertyValueSpecification","valueRequired":true,"valueName":"search_term_string"}}],"inLanguage":"da-DK"},{"@type":["Person","Organization"],"@id":"https:\/\/volvekraft.dk\/#\/schema\/person\/a0acfa008f3e61b723b262825173393d","name":"Gudrun","image":{"@type":"ImageObject","inLanguage":"da-DK","@id":"https:\/\/volvekraft.dk\/wp-content\/uploads\/2022\/01\/VoelvekraftLogoWithRagnaRunesFont-941x1024.jpg","url":"https:\/\/volvekraft.dk\/wp-content\/uploads\/2022\/01\/VoelvekraftLogoWithRagnaRunesFont-941x1024.jpg","contentUrl":"https:\/\/volvekraft.dk\/wp-content\/uploads\/2022\/01\/VoelvekraftLogoWithRagnaRunesFont-941x1024.jpg","width":941,"height":1024,"caption":"Gudrun"},"logo":{"@id":"https:\/\/volvekraft.dk\/wp-content\/uploads\/2022\/01\/VoelvekraftLogoWithRagnaRunesFont-941x1024.jpg"},"description":"F\u00f8dt i 1964, Og mod sin vilje d\u00f8bt Gudrun Gotved. Har v\u00e6ret asatroende og spirituel siden barnsben. Medstifter af \u201dForn Si\u00f0r, Asa-og Vanetrosamfundet i Danmark\u201d, medstifter af trossamfundet \u201dNordisk skik\u201d. Fungeret som ritualforretter (gode) i mere end 25 \u00e5r, er blevet kaldt v\u00f8lve i mere end 20 \u00e5r, har v\u00e6ret ansat som v\u00f8lve p\u00e5 Ribe Vikingecenter i over 15 \u00e5r og arbejdet med runernes visdom lige s\u00e5 l\u00e6nge. Er derfor kendt som \"V\u00f8lven fra Ribe\". Velbevandret i diverse norr\u00f8ne kildetekster, runekyndig, troldkyndig og urtekyndig, healer, foredragsholder, forfatter og debatt\u00f8r. Tilbyder livsvejledning ved hj\u00e6lp af runer. Forfatter til b\u00f8gerne \"Asatro, Nordisk spiritualitet\". \"V\u00f8lvekraft og Runekunst\", \"Nordisk Mytologisk Opslagsv\u00e6rk\", samt orakelkort s\u00e6ttet \"N\u00f8gler til Nordens Visdom.","sameAs":["http:\/\/volvekraft.dk","https:\/\/www.facebook.com\/Volven","https:\/\/www.instagram.com\/volven_fra_ribe\/","https:\/\/www.linkedin.com\/in\/gudrun-victoria-gotved-1085b46a\/","https:\/\/www.youtube.com\/channel\/UCx9zykLxs-b7i3Rkt8KQjkg"]}]}},"_links":{"self":[{"href":"https:\/\/volvekraft.dk\/index.php\/wp-json\/wp\/v2\/pages\/114","targetHints":{"allow":["GET"]}}],"collection":[{"href":"https:\/\/volvekraft.dk\/index.php\/wp-json\/wp\/v2\/pages"}],"about":[{"href":"https:\/\/volvekraft.dk\/index.php\/wp-json\/wp\/v2\/types\/page"}],"author":[{"embeddable":true,"href":"https:\/\/volvekraft.dk\/index.php\/wp-json\/wp\/v2\/users\/1"}],"replies":[{"embeddable":true,"href":"https:\/\/volvekraft.dk\/index.php\/wp-json\/wp\/v2\/comments?post=114"}],"version-history":[{"count":18,"href":"https:\/\/volvekraft.dk\/index.php\/wp-json\/wp\/v2\/pages\/114\/revisions"}],"predecessor-version":[{"id":533,"href":"https:\/\/volvekraft.dk\/index.php\/wp-json\/wp\/v2\/pages\/114\/revisions\/533"}],"wp:attachment":[{"href":"https:\/\/volvekraft.dk\/index.php\/wp-json\/wp\/v2\/media?parent=114"}],"curies":[{"name":"wp","href":"https:\/\/api.w.org\/{rel}","templated":true}]}}